{"id":31,"date":"2020-04-13T11:18:52","date_gmt":"2020-04-13T09:18:52","guid":{"rendered":"https:\/\/centrecarapace.ch\/about\/"},"modified":"2025-01-03T14:28:29","modified_gmt":"2025-01-03T13:28:29","slug":"about","status":"publish","type":"page","link":"https:\/\/centrecarapace.ch\/en\/about\/","title":{"rendered":"\u00c0 propos de&#8230;"},"content":{"rendered":"<div data-elementor-type=\"wp-page\" data-elementor-id=\"31\" class=\"elementor elementor-31\">\n\t\t\t\t\t\t<section class=\"elementor-section elementor-top-section elementor-element elementor-element-5131a13e elementor-section-boxed elementor-section-height-default elementor-section-height-default\" data-id=\"5131a13e\" data-element_type=\"section\" data-settings=\"{&quot;background_background&quot;:&quot;classic&quot;}\">\n\t\t\t\t\t\t\t<div class=\"elementor-background-overlay\"><\/div>\n\t\t\t\t\t\t\t<div class=\"elementor-container elementor-column-gap-default\">\n\t\t\t\t\t<div class=\"elementor-column elementor-col-100 elementor-top-column elementor-element elementor-element-1053ca7a\" data-id=\"1053ca7a\" data-element_type=\"column\">\n\t\t\t<div class=\"elementor-widget-wrap elementor-element-populated\">\n\t\t\t\t\t\t<div class=\"elementor-element elementor-element-3d99e122 elementor-widget elementor-widget-heading\" data-id=\"3d99e122\" data-element_type=\"widget\" data-widget_type=\"heading.default\">\n\t\t\t\t<div class=\"elementor-widget-container\">\n\t\t\t\t\t<h1 class=\"elementor-heading-title elementor-size-default\">About...<\/h1>\t\t\t\t<\/div>\n\t\t\t\t<\/div>\n\t\t\t\t\t<\/div>\n\t\t<\/div>\n\t\t\t\t\t<\/div>\n\t\t<\/section>\n\t\t\t\t<section class=\"elementor-section elementor-top-section elementor-element elementor-element-978c648 elementor-section-boxed elementor-section-height-default elementor-section-height-default\" data-id=\"978c648\" data-element_type=\"section\">\n\t\t\t\t\t\t<div class=\"elementor-container elementor-column-gap-default\">\n\t\t\t\t\t<div class=\"elementor-column elementor-col-50 elementor-top-column elementor-element elementor-element-bb60816\" data-id=\"bb60816\" data-element_type=\"column\">\n\t\t\t<div class=\"elementor-widget-wrap elementor-element-populated\">\n\t\t\t\t\t\t<div class=\"elementor-element elementor-element-0c406d2 elementor-widget elementor-widget-text-editor\" data-id=\"0c406d2\" data-element_type=\"widget\" data-widget_type=\"text-editor.default\">\n\t\t\t\t<div class=\"elementor-widget-container\">\n\t\t\t\t\t\t\t\t\t<p><b>Why \"Carapace\" ?<\/b><\/p><p><span style=\"font-style: inherit; color: var(--ast-global-color-3);\">Centre Carapace aims to support you in the process of <\/span><b style=\"font-style: inherit; color: var(--ast-global-color-3);\">construction ou reconstruction de vos valeurs intrins\u00e8ques<\/b><span style=\"font-style: inherit; color: var(--ast-global-color-3);\">. Cela commence par :<\/span><\/p><ul><li style=\"font-weight: 400;\" aria-level=\"1\" class=\"translation-block\"><span style=\"font-weight: 400\">Learning to <\/span><b>accept your inner world<\/b><span style=\"font-weight: 400\"> as it is.<\/span><\/li><li style=\"font-weight: 400;\" aria-level=\"1\"><span style=\"font-weight: 400;\">Finding harmony with the surrounding society.<\/span><\/li><li style=\"font-weight: 400;\" aria-level=\"1\"><span style=\"font-weight: 400;\">Feeling integrated into the external world without feeling pressured to conform to imposed uniformity.<\/span><\/li><\/ul><p><strong>A creative and compassionate approach<\/strong><\/p><p class=\"translation-block\"><span style=\"font-weight: 400\">In a supportive environment, the creative approach offers a unique way to express what may be difficult to articulate in words. The creations produced become a <\/span><b>third entity<\/b><span style=\"font-weight: 400\"> in the therapeutic process : a metaphorical space where emotions take form, reveal themselves, and find meaning.<\/span><\/p><p><span style=\"font-weight: 400;\">Throughout this journey, your creativity \u2014 and the relationship we build together \u2014 will be a valuable support for your well-being.<\/span><\/p><p><span style=\"font-weight: 400;\">I look forward to sharing these experiences with you and helping you find deeper balance.<\/span><\/p>\t\t\t\t\t\t\t\t<\/div>\n\t\t\t\t<\/div>\n\t\t\t\t\t<\/div>\n\t\t<\/div>\n\t\t\t\t<div class=\"elementor-column elementor-col-50 elementor-top-column elementor-element elementor-element-cacef95\" data-id=\"cacef95\" data-element_type=\"column\">\n\t\t\t<div class=\"elementor-widget-wrap elementor-element-populated\">\n\t\t\t\t\t\t<div class=\"elementor-element elementor-element-c2a05ba elementor-widget elementor-widget-image\" data-id=\"c2a05ba\" data-element_type=\"widget\" data-widget_type=\"image.default\">\n\t\t\t\t<div class=\"elementor-widget-container\">\n\t\t\t\t\t\t\t\t\t\t\t\t\t\t\t<img fetchpriority=\"high\" decoding=\"async\" width=\"768\" height=\"1024\" src=\"https:\/\/centrecarapace.ch\/wp-content\/uploads\/2025\/01\/3db1b291-0557-4d14-b155-2d34b35a6865-768x1024.jpg\" class=\"attachment-large size-large wp-image-873\" alt=\"\" srcset=\"https:\/\/centrecarapace.ch\/wp-content\/uploads\/2025\/01\/3db1b291-0557-4d14-b155-2d34b35a6865-768x1025.jpg 768w, https:\/\/centrecarapace.ch\/wp-content\/uploads\/2025\/01\/3db1b291-0557-4d14-b155-2d34b35a6865-225x300.jpg 225w, https:\/\/centrecarapace.ch\/wp-content\/uploads\/2025\/01\/3db1b291-0557-4d14-b155-2d34b35a6865.jpg 1535w\" sizes=\"(max-width: 768px) 100vw, 768px\" \/>\t\t\t\t\t\t\t\t\t\t\t\t\t\t\t<\/div>\n\t\t\t\t<\/div>\n\t\t\t\t\t<\/div>\n\t\t<\/div>\n\t\t\t\t\t<\/div>\n\t\t<\/section>\n\t\t\t\t<section class=\"elementor-section elementor-top-section elementor-element elementor-element-40177ae0 elementor-section-boxed elementor-section-height-default elementor-section-height-default\" data-id=\"40177ae0\" data-element_type=\"section\">\n\t\t\t\t\t\t<div class=\"elementor-container elementor-column-gap-no\">\n\t\t\t\t\t<div class=\"elementor-column elementor-col-50 elementor-top-column elementor-element elementor-element-dc4e0e7\" data-id=\"dc4e0e7\" data-element_type=\"column\">\n\t\t\t<div class=\"elementor-widget-wrap elementor-element-populated\">\n\t\t\t\t\t\t<div class=\"elementor-element elementor-element-d041be0 elementor-widget elementor-widget-image\" data-id=\"d041be0\" data-element_type=\"widget\" data-widget_type=\"image.default\">\n\t\t\t\t<div class=\"elementor-widget-container\">\n\t\t\t\t\t\t\t\t\t\t\t\t\t\t\t<img decoding=\"async\" width=\"1024\" height=\"1024\" src=\"https:\/\/centrecarapace.ch\/wp-content\/uploads\/2025\/01\/2e55bde6-a4c1-4128-b887-9954f92bb619-1024x1024.jpg\" class=\"attachment-large size-large wp-image-874\" alt=\"\" srcset=\"https:\/\/centrecarapace.ch\/wp-content\/uploads\/2025\/01\/2e55bde6-a4c1-4128-b887-9954f92bb619-1024x1024.jpg 1024w, https:\/\/centrecarapace.ch\/wp-content\/uploads\/2025\/01\/2e55bde6-a4c1-4128-b887-9954f92bb619-300x300.jpg 300w, https:\/\/centrecarapace.ch\/wp-content\/uploads\/2025\/01\/2e55bde6-a4c1-4128-b887-9954f92bb619.jpg 1912w\" sizes=\"(max-width: 1024px) 100vw, 1024px\" \/>\t\t\t\t\t\t\t\t\t\t\t\t\t\t\t<\/div>\n\t\t\t\t<\/div>\n\t\t\t\t<div class=\"elementor-element elementor-element-8b9709f elementor-widget elementor-widget-text-editor\" data-id=\"8b9709f\" data-element_type=\"widget\" data-widget_type=\"text-editor.default\">\n\t\t\t\t<div class=\"elementor-widget-container\">\n\t\t\t\t\t\t\t\t\t<p><strong>My professional history :<\/strong><\/p><ul><li>Before 1994 : IT Project Manager, Tokyo, Japan<\/li><li>1994 : Arrival in Geneva<\/li><li>1995-2001 : Product Manager, Infotec SA, Geneva, Switzerland<\/li><li>2001-2007 : Independent consultant, KAI Consulting, Geneva, Switzerland<\/li><li>2006-2010 : Postgraduate diploma (Master HES-SO) in Art Therapy, EESP, Lausanne, Switzerland<\/li><li>2008-2015 : Founded Atelier Carapace, Geneva\/Estavayer-le-Lac, Switzerland<\/li><li>2016-2024 : Art Therapist for children and families, Centre Th\u00e9rapie 3D, Geneva, Switzerland<\/li><li>2022 : Opened <strong>Carapace Center<\/strong> in Grandvillard<\/li><\/ul>\t\t\t\t\t\t\t\t<\/div>\n\t\t\t\t<\/div>\n\t\t\t\t\t<\/div>\n\t\t<\/div>\n\t\t\t\t<div class=\"elementor-column elementor-col-50 elementor-top-column elementor-element elementor-element-48096891\" data-id=\"48096891\" data-element_type=\"column\">\n\t\t\t<div class=\"elementor-widget-wrap elementor-element-populated\">\n\t\t\t\t\t\t<div class=\"elementor-element elementor-element-e56ab06 elementor-widget elementor-widget-text-editor\" data-id=\"e56ab06\" data-element_type=\"widget\" data-widget_type=\"text-editor.default\">\n\t\t\t\t<div class=\"elementor-widget-container\">\n\t\t\t\t\t\t\t\t\t<p><strong>Masumi Mizoguchi<\/strong><\/p><p>I am of Japanese origin and have lived in Switzerland for 30 years. I speak fluent Japanese, English, and French.<\/p><p><span style=\"font-weight: 400;\">I began my career in the banking information systems industry, but my life took a decisive turn after the birth of my first son. He didn\u2019t speak a word until the age of 4 and was diagnosed with autism. Refusing to resign myself to this diagnosis, I undertook extensive research to find approaches and mediums that could help him. To me, he was a perfectly normal child. Three years later, at age 7, the diagnosis was officially dismissed.<\/span><\/p><p><span style=\"font-weight: 400;\">With the help of various specialists, I discovered that music could be a powerful tool to support my son. His progress in speech was remarkable, enabling me to enroll him in a public elementary school at age 5. Today, he holds a Master\u2019s degree in Bioinformatics from the University of Fribourg.<\/span><\/p><p><span style=\"font-weight: 400;\">This personal experience deeply impacted me and led me to change my career path. I earned a postgraduate diploma in art therapy, a growing field that offers a gentle and effective alternative to more traditional therapies such as psychoanalysis and psychotherapy.<\/span><\/p><p><span style=\"font-weight: 400;\">Art therapy stands out for its ability to explore your inner world without intrusion or direct confrontation. It is often suited for those who face emotional challenges but struggle to verbalize their feelings. Through this creative process, my clients discover unexpected aspects of themselves, which are visible and tangible, greatly facilitating the achievement of harmony.<\/span><\/p>\t\t\t\t\t\t\t\t<\/div>\n\t\t\t\t<\/div>\n\t\t\t\t\t<\/div>\n\t\t<\/div>\n\t\t\t\t\t<\/div>\n\t\t<\/section>\n\t\t\t\t<section class=\"elementor-section elementor-top-section elementor-element elementor-element-2ozdarw elementor-section-boxed elementor-section-height-default elementor-section-height-default\" data-id=\"2ozdarw\" data-element_type=\"section\" data-settings=\"{&quot;background_background&quot;:&quot;classic&quot;}\">\n\t\t\t\t\t\t<div class=\"elementor-container elementor-column-gap-no\">\n\t\t\t\t\t<div class=\"elementor-column elementor-col-100 elementor-top-column elementor-element elementor-element-8f7ba64\" data-id=\"8f7ba64\" data-element_type=\"column\">\n\t\t\t<div class=\"elementor-widget-wrap elementor-element-populated\">\n\t\t\t\t\t\t<div class=\"elementor-element elementor-element-2a2f0e0 elementor-view-default elementor-widget elementor-widget-icon\" data-id=\"2a2f0e0\" data-element_type=\"widget\" data-widget_type=\"icon.default\">\n\t\t\t\t<div class=\"elementor-widget-container\">\n\t\t\t\t\t\t\t<div class=\"elementor-icon-wrapper\">\n\t\t\t<div class=\"elementor-icon\">\n\t\t\t<i aria-hidden=\"true\" class=\"fas fa-quote-left\"><\/i>\t\t\t<\/div>\n\t\t<\/div>\n\t\t\t\t\t\t<\/div>\n\t\t\t\t<\/div>\n\t\t\t\t<div class=\"elementor-element elementor-element-234ccd0 elementor-widget elementor-widget-testimonial\" data-id=\"234ccd0\" data-element_type=\"widget\" data-widget_type=\"testimonial.default\">\n\t\t\t\t<div class=\"elementor-widget-container\">\n\t\t\t\t\t\t\t<div class=\"elementor-testimonial-wrapper\">\n\t\t\t\t\t\t\t<div class=\"elementor-testimonial-content\">It is by playing, and perhaps only when he plays, that the child or adult is free to be creative. [...] Psychotherapy is carried out where two areas of play overlap each other, that of the patient and that of the therapist. If the therapist cannot play, it means that he is not made for this work.<\/div>\n\t\t\t\n\t\t\t\t\t\t<div class=\"elementor-testimonial-meta\">\n\t\t\t\t<div class=\"elementor-testimonial-meta-inner\">\n\t\t\t\t\t\n\t\t\t\t\t\t\t\t\t\t<div class=\"elementor-testimonial-details\">\n\t\t\t\t\t\t\t\t\t\t\t\t\t\t<div class=\"elementor-testimonial-name\">D.W. Winnicott<\/div>\n\t\t\t\t\t\t\t\t\t\t\t\t\t\t\t\t\t\t\t\t\t\t<div class=\"elementor-testimonial-job\">Pediatrician<\/div>\n\t\t\t\t\t\t\t\t\t\t\t\t\t<\/div>\n\t\t\t\t\t\t\t\t\t<\/div>\n\t\t\t<\/div>\n\t\t\t\t\t<\/div>\n\t\t\t\t\t\t<\/div>\n\t\t\t\t<\/div>\n\t\t\t\t\t<\/div>\n\t\t<\/div>\n\t\t\t\t\t<\/div>\n\t\t<\/section>\n\t\t\t\t<\/div>","protected":false},"excerpt":{"rendered":"<p>\u00c0 propos de &#8230; Pourquoi \u00ab\u00a0Carapace\u00a0\u00bb ? Le centre Carapace a pour vocation de vous accompagner dans un processus de construction ou reconstruction de vos valeurs intrins\u00e8ques. Cela commence par : Apprendre \u00e0 accepter votre monde int\u00e9rieur tel qu\u2019il est. Trouver une harmonie avec la soci\u00e9t\u00e9 qui vous entoure. Vous sentir int\u00e9gr\u00e9 dans ce monde [&hellip;]<\/p>","protected":false},"author":1,"featured_media":0,"parent":0,"menu_order":0,"comment_status":"closed","ping_status":"closed","template":"","meta":{"site-sidebar-layout":"no-sidebar","site-content-layout":"page-builder","ast-site-content-layout":"","site-content-style":"default","site-sidebar-style":"default","ast-global-header-display":"","ast-banner-title-visibility":"","ast-main-header-display":"","ast-hfb-above-header-display":"","ast-hfb-below-header-display":"","ast-hfb-mobile-header-display":"","site-post-title":"disabled","ast-breadcrumbs-content":"","ast-featured-img":"","footer-sml-layout":"","theme-transparent-header-meta":"enabled","adv-header-id-meta":"","stick-header-meta":"","header-above-stick-meta":"","header-main-stick-meta":"","header-below-stick-meta":"","astra-migrate-meta-layouts":"default","ast-page-background-enabled":"default","ast-page-background-meta":{"desktop":{"background-color":"","background-image":"","background-repeat":"repeat","background-position":"center center","background-size":"auto","background-attachment":"scroll","background-type":"","background-media":"","overlay-type":"","overlay-color":"","overlay-opacity":"","overlay-gradient":""},"tablet":{"background-color":"","background-image":"","background-repeat":"repeat","background-position":"center center","background-size":"auto","background-attachment":"scroll","background-type":"","background-media":"","overlay-type":"","overlay-color":"","overlay-opacity":"","overlay-gradient":""},"mobile":{"background-color":"","background-image":"","background-repeat":"repeat","background-position":"center center","background-size":"auto","background-attachment":"scroll","background-type":"","background-media":"","overlay-type":"","overlay-color":"","overlay-opacity":"","overlay-gradient":""}},"ast-content-background-meta":{"desktop":{"background-color":"var(--ast-global-color-5)","background-image":"","background-repeat":"repeat","background-position":"center center","background-size":"auto","background-attachment":"scroll","background-type":"","background-media":"","overlay-type":"","overlay-color":"","overlay-opacity":"","overlay-gradient":""},"tablet":{"background-color":"var(--ast-global-color-5)","background-image":"","background-repeat":"repeat","background-position":"center center","background-size":"auto","background-attachment":"scroll","background-type":"","background-media":"","overlay-type":"","overlay-color":"","overlay-opacity":"","overlay-gradient":""},"mobile":{"background-color":"var(--ast-global-color-5)","background-image":"","background-repeat":"repeat","background-position":"center center","background-size":"auto","background-attachment":"scroll","background-type":"","background-media":"","overlay-type":"","overlay-color":"","overlay-opacity":"","overlay-gradient":""}},"footnotes":""},"class_list":["post-31","page","type-page","status-publish","hentry"],"yoast_head":"<!-- This site is optimized with the Yoast SEO plugin v26.2 - https:\/\/yoast.com\/wordpress\/plugins\/seo\/ -->\n<title>\u00c0 propos de... - Centre Carapace<\/title>\n<meta name=\"robots\" content=\"index, follow, max-snippet:-1, max-image-preview:large, max-video-preview:-1\" \/>\n<link rel=\"canonical\" href=\"https:\/\/centrecarapace.ch\/en\/about\/\" \/>\n<meta property=\"og:locale\" content=\"en_GB\" \/>\n<meta property=\"og:type\" content=\"article\" \/>\n<meta property=\"og:title\" content=\"\u00c0 propos de... - Centre Carapace\" \/>\n<meta property=\"og:description\" content=\"\u00c0 propos de &#8230; Pourquoi \u00ab\u00a0Carapace\u00a0\u00bb ? Le centre Carapace a pour vocation de vous accompagner dans un processus de construction ou reconstruction de vos valeurs intrins\u00e8ques. Cela commence par : Apprendre \u00e0 accepter votre monde int\u00e9rieur tel qu\u2019il est. Trouver une harmonie avec la soci\u00e9t\u00e9 qui vous entoure. Vous sentir int\u00e9gr\u00e9 dans ce monde [&hellip;]\" \/>\n<meta property=\"og:url\" content=\"https:\/\/centrecarapace.ch\/en\/about\/\" \/>\n<meta property=\"og:site_name\" content=\"Centre Carapace\" \/>\n<meta property=\"article:publisher\" content=\"https:\/\/www.facebook.com\/centrecarapace\" \/>\n<meta property=\"article:modified_time\" content=\"2025-01-03T13:28:29+00:00\" \/>\n<meta property=\"og:image\" content=\"https:\/\/centrecarapace.ch\/wp-content\/uploads\/2025\/01\/3db1b291-0557-4d14-b155-2d34b35a6865-768x1024.jpg\" \/>\n<meta name=\"twitter:card\" content=\"summary_large_image\" \/>\n<meta name=\"twitter:label1\" content=\"Estimated reading time\" \/>\n\t<meta name=\"twitter:data1\" content=\"1 minute\" \/>\n<script type=\"application\/ld+json\" class=\"yoast-schema-graph\">{\"@context\":\"https:\/\/schema.org\",\"@graph\":[{\"@type\":\"WebPage\",\"@id\":\"https:\/\/centrecarapace.ch\/about\/\",\"url\":\"https:\/\/centrecarapace.ch\/about\/\",\"name\":\"\u00c0 propos de... - Centre Carapace\",\"isPartOf\":{\"@id\":\"https:\/\/centrecarapace.ch\/#website\"},\"primaryImageOfPage\":{\"@id\":\"https:\/\/centrecarapace.ch\/about\/#primaryimage\"},\"image\":{\"@id\":\"https:\/\/centrecarapace.ch\/about\/#primaryimage\"},\"thumbnailUrl\":\"https:\/\/centrecarapace.ch\/wp-content\/uploads\/2025\/01\/3db1b291-0557-4d14-b155-2d34b35a6865-768x1024.jpg\",\"datePublished\":\"2020-04-13T09:18:52+00:00\",\"dateModified\":\"2025-01-03T13:28:29+00:00\",\"breadcrumb\":{\"@id\":\"https:\/\/centrecarapace.ch\/about\/#breadcrumb\"},\"inLanguage\":\"en-GB\",\"potentialAction\":[{\"@type\":\"ReadAction\",\"target\":[\"https:\/\/centrecarapace.ch\/about\/\"]}]},{\"@type\":\"ImageObject\",\"inLanguage\":\"en-GB\",\"@id\":\"https:\/\/centrecarapace.ch\/about\/#primaryimage\",\"url\":\"https:\/\/centrecarapace.ch\/wp-content\/uploads\/2025\/01\/3db1b291-0557-4d14-b155-2d34b35a6865-768x1024.jpg\",\"contentUrl\":\"https:\/\/centrecarapace.ch\/wp-content\/uploads\/2025\/01\/3db1b291-0557-4d14-b155-2d34b35a6865-768x1024.jpg\"},{\"@type\":\"BreadcrumbList\",\"@id\":\"https:\/\/centrecarapace.ch\/about\/#breadcrumb\",\"itemListElement\":[{\"@type\":\"ListItem\",\"position\":1,\"name\":\"Accueil\",\"item\":\"https:\/\/centrecarapace.ch\/\"},{\"@type\":\"ListItem\",\"position\":2,\"name\":\"\u00c0 propos de&#8230;\"}]},{\"@type\":\"WebSite\",\"@id\":\"https:\/\/centrecarapace.ch\/#website\",\"url\":\"https:\/\/centrecarapace.ch\/\",\"name\":\"Centre Carapace\",\"description\":\"Centre th\u00e9rapeutique pluridisciplinaire pour tout le monde\",\"publisher\":{\"@id\":\"https:\/\/centrecarapace.ch\/#organization\"},\"potentialAction\":[{\"@type\":\"SearchAction\",\"target\":{\"@type\":\"EntryPoint\",\"urlTemplate\":\"https:\/\/centrecarapace.ch\/?s={search_term_string}\"},\"query-input\":{\"@type\":\"PropertyValueSpecification\",\"valueRequired\":true,\"valueName\":\"search_term_string\"}}],\"inLanguage\":\"en-GB\"},{\"@type\":\"Organization\",\"@id\":\"https:\/\/centrecarapace.ch\/#organization\",\"name\":\"Centre Carapace\",\"url\":\"https:\/\/centrecarapace.ch\/\",\"logo\":{\"@type\":\"ImageObject\",\"inLanguage\":\"en-GB\",\"@id\":\"https:\/\/centrecarapace.ch\/#\/schema\/logo\/image\/\",\"url\":\"https:\/\/centrecarapace.ch\/wp-content\/uploads\/2022\/08\/cropped-WhatsApp_Image_2022-08-06_at_14.40.41-removebg-preview.png\",\"contentUrl\":\"https:\/\/centrecarapace.ch\/wp-content\/uploads\/2022\/08\/cropped-WhatsApp_Image_2022-08-06_at_14.40.41-removebg-preview.png\",\"width\":415,\"height\":381,\"caption\":\"Centre Carapace\"},\"image\":{\"@id\":\"https:\/\/centrecarapace.ch\/#\/schema\/logo\/image\/\"},\"sameAs\":[\"https:\/\/www.facebook.com\/centrecarapace\"]}]}<\/script>\n<!-- \/ Yoast SEO plugin. -->","yoast_head_json":{"title":"\u00c0 propos de... - Centre Carapace","robots":{"index":"index","follow":"follow","max-snippet":"max-snippet:-1","max-image-preview":"max-image-preview:large","max-video-preview":"max-video-preview:-1"},"canonical":"https:\/\/centrecarapace.ch\/en\/about\/","og_locale":"en_GB","og_type":"article","og_title":"\u00c0 propos de... - Centre Carapace","og_description":"\u00c0 propos de &#8230; Pourquoi \u00ab\u00a0Carapace\u00a0\u00bb ? Le centre Carapace a pour vocation de vous accompagner dans un processus de construction ou reconstruction de vos valeurs intrins\u00e8ques. Cela commence par : Apprendre \u00e0 accepter votre monde int\u00e9rieur tel qu\u2019il est. Trouver une harmonie avec la soci\u00e9t\u00e9 qui vous entoure. Vous sentir int\u00e9gr\u00e9 dans ce monde [&hellip;]","og_url":"https:\/\/centrecarapace.ch\/en\/about\/","og_site_name":"Centre Carapace","article_publisher":"https:\/\/www.facebook.com\/centrecarapace","article_modified_time":"2025-01-03T13:28:29+00:00","og_image":[{"url":"https:\/\/centrecarapace.ch\/wp-content\/uploads\/2025\/01\/3db1b291-0557-4d14-b155-2d34b35a6865-768x1024.jpg","type":"","width":"","height":""}],"twitter_card":"summary_large_image","twitter_misc":{"Estimated reading time":"1 minute"},"schema":{"@context":"https:\/\/schema.org","@graph":[{"@type":"WebPage","@id":"https:\/\/centrecarapace.ch\/about\/","url":"https:\/\/centrecarapace.ch\/about\/","name":"\u00c0 propos de... - Centre Carapace","isPartOf":{"@id":"https:\/\/centrecarapace.ch\/#website"},"primaryImageOfPage":{"@id":"https:\/\/centrecarapace.ch\/about\/#primaryimage"},"image":{"@id":"https:\/\/centrecarapace.ch\/about\/#primaryimage"},"thumbnailUrl":"https:\/\/centrecarapace.ch\/wp-content\/uploads\/2025\/01\/3db1b291-0557-4d14-b155-2d34b35a6865-768x1024.jpg","datePublished":"2020-04-13T09:18:52+00:00","dateModified":"2025-01-03T13:28:29+00:00","breadcrumb":{"@id":"https:\/\/centrecarapace.ch\/about\/#breadcrumb"},"inLanguage":"en-GB","potentialAction":[{"@type":"ReadAction","target":["https:\/\/centrecarapace.ch\/about\/"]}]},{"@type":"ImageObject","inLanguage":"en-GB","@id":"https:\/\/centrecarapace.ch\/about\/#primaryimage","url":"https:\/\/centrecarapace.ch\/wp-content\/uploads\/2025\/01\/3db1b291-0557-4d14-b155-2d34b35a6865-768x1024.jpg","contentUrl":"https:\/\/centrecarapace.ch\/wp-content\/uploads\/2025\/01\/3db1b291-0557-4d14-b155-2d34b35a6865-768x1024.jpg"},{"@type":"BreadcrumbList","@id":"https:\/\/centrecarapace.ch\/about\/#breadcrumb","itemListElement":[{"@type":"ListItem","position":1,"name":"Accueil","item":"https:\/\/centrecarapace.ch\/"},{"@type":"ListItem","position":2,"name":"\u00c0 propos de&#8230;"}]},{"@type":"WebSite","@id":"https:\/\/centrecarapace.ch\/#website","url":"https:\/\/centrecarapace.ch\/","name":"Carapace Center","description":"Pluridisciplinary therapeutic center for everyone","publisher":{"@id":"https:\/\/centrecarapace.ch\/#organization"},"potentialAction":[{"@type":"SearchAction","target":{"@type":"EntryPoint","urlTemplate":"https:\/\/centrecarapace.ch\/?s={search_term_string}"},"query-input":{"@type":"PropertyValueSpecification","valueRequired":true,"valueName":"search_term_string"}}],"inLanguage":"en-GB"},{"@type":"Organization","@id":"https:\/\/centrecarapace.ch\/#organization","name":"Carapace Center","url":"https:\/\/centrecarapace.ch\/","logo":{"@type":"ImageObject","inLanguage":"en-GB","@id":"https:\/\/centrecarapace.ch\/#\/schema\/logo\/image\/","url":"https:\/\/centrecarapace.ch\/wp-content\/uploads\/2022\/08\/cropped-WhatsApp_Image_2022-08-06_at_14.40.41-removebg-preview.png","contentUrl":"https:\/\/centrecarapace.ch\/wp-content\/uploads\/2022\/08\/cropped-WhatsApp_Image_2022-08-06_at_14.40.41-removebg-preview.png","width":415,"height":381,"caption":"Centre Carapace"},"image":{"@id":"https:\/\/centrecarapace.ch\/#\/schema\/logo\/image\/"},"sameAs":["https:\/\/www.facebook.com\/centrecarapace"]}]}},"_links":{"self":[{"href":"https:\/\/centrecarapace.ch\/en\/wp-json\/wp\/v2\/pages\/31","targetHints":{"allow":["GET"]}}],"collection":[{"href":"https:\/\/centrecarapace.ch\/en\/wp-json\/wp\/v2\/pages"}],"about":[{"href":"https:\/\/centrecarapace.ch\/en\/wp-json\/wp\/v2\/types\/page"}],"author":[{"embeddable":true,"href":"https:\/\/centrecarapace.ch\/en\/wp-json\/wp\/v2\/users\/1"}],"replies":[{"embeddable":true,"href":"https:\/\/centrecarapace.ch\/en\/wp-json\/wp\/v2\/comments?post=31"}],"version-history":[{"count":49,"href":"https:\/\/centrecarapace.ch\/en\/wp-json\/wp\/v2\/pages\/31\/revisions"}],"predecessor-version":[{"id":878,"href":"https:\/\/centrecarapace.ch\/en\/wp-json\/wp\/v2\/pages\/31\/revisions\/878"}],"wp:attachment":[{"href":"https:\/\/centrecarapace.ch\/en\/wp-json\/wp\/v2\/media?parent=31"}],"curies":[{"name":"wp","href":"https:\/\/api.w.org\/{rel}","templated":true}]}}