{"id":388,"date":"2022-07-22T14:23:36","date_gmt":"2022-07-22T12:23:36","guid":{"rendered":"https:\/\/centrecarapace.ch\/?page_id=388"},"modified":"2025-01-03T13:49:17","modified_gmt":"2025-01-03T12:49:17","slug":"art-therapie","status":"publish","type":"page","link":"https:\/\/centrecarapace.ch\/en\/art-therapie\/","title":{"rendered":"Art Therapy for Children and Families"},"content":{"rendered":"<div data-elementor-type=\"wp-page\" data-elementor-id=\"388\" class=\"elementor elementor-388\">\n\t\t\t\t\t\t<section class=\"elementor-section elementor-top-section elementor-element elementor-element-ou1bh62 elementor-section-boxed elementor-section-height-default elementor-section-height-default\" data-id=\"ou1bh62\" data-element_type=\"section\" data-settings=\"{&quot;background_background&quot;:&quot;classic&quot;}\">\n\t\t\t\t\t\t\t<div class=\"elementor-background-overlay\"><\/div>\n\t\t\t\t\t\t\t<div class=\"elementor-container elementor-column-gap-default\">\n\t\t\t\t\t<div class=\"elementor-column elementor-col-100 elementor-top-column elementor-element elementor-element-1053ca7a\" data-id=\"1053ca7a\" data-element_type=\"column\">\n\t\t\t<div class=\"elementor-widget-wrap elementor-element-populated\">\n\t\t\t\t\t\t<div class=\"elementor-element elementor-element-3d99e122 elementor-widget elementor-widget-heading\" data-id=\"3d99e122\" data-element_type=\"widget\" data-widget_type=\"heading.default\">\n\t\t\t\t<div class=\"elementor-widget-container\">\n\t\t\t\t\t<h1 class=\"elementor-heading-title elementor-size-default\">Art Therapy for Children and Families<\/h1>\t\t\t\t<\/div>\n\t\t\t\t<\/div>\n\t\t\t\t\t<\/div>\n\t\t<\/div>\n\t\t\t\t\t<\/div>\n\t\t<\/section>\n\t\t\t\t<section class=\"elementor-section elementor-top-section elementor-element elementor-element-hajq1yw elementor-section-boxed elementor-section-height-default elementor-section-height-default\" data-id=\"hajq1yw\" data-element_type=\"section\" data-settings=\"{&quot;background_background&quot;:&quot;classic&quot;}\">\n\t\t\t\t\t\t<div class=\"elementor-container elementor-column-gap-no\">\n\t\t\t\t\t<div class=\"elementor-column elementor-col-50 elementor-top-column elementor-element elementor-element-48096891\" data-id=\"48096891\" data-element_type=\"column\">\n\t\t\t<div class=\"elementor-widget-wrap elementor-element-populated\">\n\t\t\t\t\t\t<div class=\"elementor-element elementor-element-e56ab06 elementor-widget elementor-widget-text-editor\" data-id=\"e56ab06\" data-element_type=\"widget\" data-widget_type=\"text-editor.default\">\n\t\t\t\t<div class=\"elementor-widget-container\">\n\t\t\t\t\t\t\t\t\t<p><strong>What is art therapy?<\/strong><\/p><p><span style=\"font-weight: 400;\">Unlike a traditional art workshop, art therapy is not about creating a \"beautiful\" object. It is a guided creative activity within a therapeutic framework, where the process of creation and all phenomena accompanying it (gestures, body language, facial expressions, posture) are more valuable than the finished object.<\/span><\/p><p class=\"translation-block\"><span style=\"font-weight: 400\">Art therapy is not meant to use the final creation as a diagnostic or psychoanalytical tool. Instead, it is a <\/span><b>dynamic process<\/b><span style=\"font-weight: 400\">, both internal and external, that helps to:<\/span><\/p><ul><li style=\"font-weight: 400;\" aria-level=\"1\"><span style=\"font-weight: 400;\">Develop communication through emotions and non-verbal expression.<\/span><\/li><li style=\"font-weight: 400;\" aria-level=\"1\"><span style=\"font-weight: 400;\">Release blockages tied to points of fixation or regression.<\/span><\/li><li style=\"font-weight: 400;\" aria-level=\"1\"><span style=\"font-weight: 400;\">Encourage voluntary change that improves self-confidence and relationships with others.<\/span><\/li><\/ul><p><strong>A creative and powerful tool<\/strong><\/p><p class=\"translation-block\"><span style=\"font-weight: 400\">In a supportive environment, the creative approach offers a unique way to express what may be difficult to articulate in words. The creations produced become a <\/span><b>third entity<\/b><span style=\"font-weight: 400\"> in the therapeutic process : a metaphorical space where emotions take form, reveal themselves, and find meaning.<\/span><\/p>\t\t\t\t\t\t\t\t<\/div>\n\t\t\t\t<\/div>\n\t\t\t\t\t<\/div>\n\t\t<\/div>\n\t\t\t\t<div class=\"elementor-column elementor-col-50 elementor-top-column elementor-element elementor-element-4220023\" data-id=\"4220023\" data-element_type=\"column\">\n\t\t\t<div class=\"elementor-widget-wrap elementor-element-populated\">\n\t\t\t\t\t\t<div class=\"elementor-element elementor-element-dc811bb elementor-widget elementor-widget-image\" data-id=\"dc811bb\" data-element_type=\"widget\" data-widget_type=\"image.default\">\n\t\t\t\t<div class=\"elementor-widget-container\">\n\t\t\t\t\t\t\t\t\t\t\t\t\t\t\t<img fetchpriority=\"high\" decoding=\"async\" width=\"768\" height=\"1024\" src=\"https:\/\/centrecarapace.ch\/wp-content\/uploads\/2022\/08\/WhatsApp-Image-2022-08-11-at-17.08.37-768x1024.jpeg\" class=\"attachment-large size-large wp-image-627\" alt=\"\" srcset=\"https:\/\/centrecarapace.ch\/wp-content\/uploads\/2022\/08\/WhatsApp-Image-2022-08-11-at-17.08.37-768x1024.jpeg 768w, https:\/\/centrecarapace.ch\/wp-content\/uploads\/2022\/08\/WhatsApp-Image-2022-08-11-at-17.08.37-225x300.jpeg 225w, https:\/\/centrecarapace.ch\/wp-content\/uploads\/2022\/08\/WhatsApp-Image-2022-08-11-at-17.08.37.jpeg 1500w\" sizes=\"(max-width: 768px) 100vw, 768px\" \/>\t\t\t\t\t\t\t\t\t\t\t\t\t\t\t<\/div>\n\t\t\t\t<\/div>\n\t\t\t\t\t<\/div>\n\t\t<\/div>\n\t\t\t\t\t<\/div>\n\t\t<\/section>\n\t\t\t\t<section class=\"elementor-section elementor-top-section elementor-element elementor-element-f4a731e elementor-section-boxed elementor-section-height-default elementor-section-height-default\" data-id=\"f4a731e\" data-element_type=\"section\" data-settings=\"{&quot;background_background&quot;:&quot;classic&quot;}\">\n\t\t\t\t\t\t<div class=\"elementor-container elementor-column-gap-no\">\n\t\t\t\t\t<div class=\"elementor-column elementor-col-50 elementor-top-column elementor-element elementor-element-59f7935\" data-id=\"59f7935\" data-element_type=\"column\">\n\t\t\t<div class=\"elementor-widget-wrap elementor-element-populated\">\n\t\t\t\t\t\t<div class=\"elementor-element elementor-element-2e8b57b elementor-widget elementor-widget-image\" data-id=\"2e8b57b\" data-element_type=\"widget\" data-widget_type=\"image.default\">\n\t\t\t\t<div class=\"elementor-widget-container\">\n\t\t\t\t\t\t\t\t\t\t\t\t\t\t\t<img decoding=\"async\" width=\"394\" height=\"590\" src=\"https:\/\/centrecarapace.ch\/wp-content\/uploads\/2025\/01\/d6cd8194-34e2-4dce-8e49-a50905b2fe8c.jpg\" class=\"attachment-large size-large wp-image-842\" alt=\"\" srcset=\"https:\/\/centrecarapace.ch\/wp-content\/uploads\/2025\/01\/d6cd8194-34e2-4dce-8e49-a50905b2fe8c.jpg 394w, https:\/\/centrecarapace.ch\/wp-content\/uploads\/2025\/01\/d6cd8194-34e2-4dce-8e49-a50905b2fe8c-200x300.jpg 200w, https:\/\/centrecarapace.ch\/wp-content\/uploads\/2025\/01\/d6cd8194-34e2-4dce-8e49-a50905b2fe8c-8x12.jpg 8w\" sizes=\"(max-width: 394px) 100vw, 394px\" \/>\t\t\t\t\t\t\t\t\t\t\t\t\t\t\t<\/div>\n\t\t\t\t<\/div>\n\t\t\t\t\t<\/div>\n\t\t<\/div>\n\t\t\t\t<div class=\"elementor-column elementor-col-50 elementor-top-column elementor-element elementor-element-5a0df5b\" data-id=\"5a0df5b\" data-element_type=\"column\">\n\t\t\t<div class=\"elementor-widget-wrap elementor-element-populated\">\n\t\t\t\t\t\t<div class=\"elementor-element elementor-element-a93bc80 elementor-widget elementor-widget-text-editor\" data-id=\"a93bc80\" data-element_type=\"widget\" data-widget_type=\"text-editor.default\">\n\t\t\t\t<div class=\"elementor-widget-container\">\n\t\t\t\t\t\t\t\t\t<p><b>For children and their families<\/b><\/p>\n<p><span style=\"font-weight: 400;\">Art therapy is for both children and their families, providing a space for communication and mutual understanding. This collaborative work helps to :<\/span><\/p>\n<ul>\n<li style=\"font-weight: 400;\" aria-level=\"1\"><span style=\"font-weight: 400;\">Better manage emotions and conflicts.<\/span><\/li>\n<li style=\"font-weight: 400;\" aria-level=\"1\"><span style=\"font-weight: 400;\">Strengthen family bonds in a calm setting.<\/span><\/li>\n<li style=\"font-weight: 400;\" aria-level=\"1\"><span style=\"font-weight: 400;\">Support each family member on their personal journey to well-being.<\/span><\/li>\n<\/ul>\n<p><span style=\"font-weight: 400;\">Throughout this journey, your creativity \u2014 and the relationship we build together \u2014 will be a valuable resource for fostering long-lasting emotional and relational balance.<\/span><\/p>\t\t\t\t\t\t\t\t<\/div>\n\t\t\t\t<\/div>\n\t\t\t\t\t<\/div>\n\t\t<\/div>\n\t\t\t\t\t<\/div>\n\t\t<\/section>\n\t\t\t\t<\/div>","protected":false},"excerpt":{"rendered":"<p>Art-th\u00e9rapie pour les enfants et leur famille Qu\u2019est-ce que l\u2019art-th\u00e9rapie? Contrairement \u00e0 un atelier d\u2019expression artistique classique, l\u2019art-th\u00e9rapie ne cherche pas \u00e0 produire un \u00ab bel \u00bb objet \u00e0 regarder. Il s\u2019agit d\u2019une activit\u00e9 cr\u00e9ative encadr\u00e9e dans un cadre th\u00e9rapeutique, o\u00f9 le processus de cr\u00e9ation et tous les ph\u00e9nom\u00e8nes qui l\u2019accompagnent (gestes, expressions corporelles, regards, [&hellip;]<\/p>","protected":false},"author":1,"featured_media":0,"parent":0,"menu_order":0,"comment_status":"closed","ping_status":"closed","template":"","meta":{"site-sidebar-layout":"no-sidebar","site-content-layout":"page-builder","ast-site-content-layout":"","site-content-style":"default","site-sidebar-style":"default","ast-global-header-display":"","ast-banner-title-visibility":"","ast-main-header-display":"","ast-hfb-above-header-display":"","ast-hfb-below-header-display":"","ast-hfb-mobile-header-display":"","site-post-title":"disabled","ast-breadcrumbs-content":"","ast-featured-img":"disabled","footer-sml-layout":"","theme-transparent-header-meta":"","adv-header-id-meta":"","stick-header-meta":"","header-above-stick-meta":"","header-main-stick-meta":"","header-below-stick-meta":"","astra-migrate-meta-layouts":"default","ast-page-background-enabled":"default","ast-page-background-meta":{"desktop":{"background-color":"","background-image":"","background-repeat":"repeat","background-position":"center center","background-size":"auto","background-attachment":"scroll","background-type":"","background-media":"","overlay-type":"","overlay-color":"","overlay-opacity":"","overlay-gradient":""},"tablet":{"background-color":"","background-image":"","background-repeat":"repeat","background-position":"center center","background-size":"auto","background-attachment":"scroll","background-type":"","background-media":"","overlay-type":"","overlay-color":"","overlay-opacity":"","overlay-gradient":""},"mobile":{"background-color":"","background-image":"","background-repeat":"repeat","background-position":"center center","background-size":"auto","background-attachment":"scroll","background-type":"","background-media":"","overlay-type":"","overlay-color":"","overlay-opacity":"","overlay-gradient":""}},"ast-content-background-meta":{"desktop":{"background-color":"var(--ast-global-color-5)","background-image":"","background-repeat":"repeat","background-position":"center center","background-size":"auto","background-attachment":"scroll","background-type":"","background-media":"","overlay-type":"","overlay-color":"","overlay-opacity":"","overlay-gradient":""},"tablet":{"background-color":"var(--ast-global-color-5)","background-image":"","background-repeat":"repeat","background-position":"center center","background-size":"auto","background-attachment":"scroll","background-type":"","background-media":"","overlay-type":"","overlay-color":"","overlay-opacity":"","overlay-gradient":""},"mobile":{"background-color":"var(--ast-global-color-5)","background-image":"","background-repeat":"repeat","background-position":"center center","background-size":"auto","background-attachment":"scroll","background-type":"","background-media":"","overlay-type":"","overlay-color":"","overlay-opacity":"","overlay-gradient":""}},"footnotes":""},"class_list":["post-388","page","type-page","status-publish","hentry"],"yoast_head":"<!-- This site is optimized with the Yoast SEO plugin v26.2 - https:\/\/yoast.com\/wordpress\/plugins\/seo\/ -->\n<title>Art-th\u00e9rapie pour les enfants et leur famille - Centre Carapace<\/title>\n<meta name=\"robots\" content=\"index, follow, max-snippet:-1, max-image-preview:large, max-video-preview:-1\" \/>\n<link rel=\"canonical\" href=\"https:\/\/centrecarapace.ch\/en\/art-therapie\/\" \/>\n<meta property=\"og:locale\" content=\"en_GB\" \/>\n<meta property=\"og:type\" content=\"article\" \/>\n<meta property=\"og:title\" content=\"Art-th\u00e9rapie pour les enfants et leur famille - Centre Carapace\" \/>\n<meta property=\"og:description\" content=\"Art-th\u00e9rapie pour les enfants et leur famille Qu\u2019est-ce que l\u2019art-th\u00e9rapie? Contrairement \u00e0 un atelier d\u2019expression artistique classique, l\u2019art-th\u00e9rapie ne cherche pas \u00e0 produire un \u00ab bel \u00bb objet \u00e0 regarder. Il s\u2019agit d\u2019une activit\u00e9 cr\u00e9ative encadr\u00e9e dans un cadre th\u00e9rapeutique, o\u00f9 le processus de cr\u00e9ation et tous les ph\u00e9nom\u00e8nes qui l\u2019accompagnent (gestes, expressions corporelles, regards, [&hellip;]\" \/>\n<meta property=\"og:url\" content=\"https:\/\/centrecarapace.ch\/en\/art-therapie\/\" \/>\n<meta property=\"og:site_name\" content=\"Centre Carapace\" \/>\n<meta property=\"article:publisher\" content=\"https:\/\/www.facebook.com\/centrecarapace\" \/>\n<meta property=\"article:modified_time\" content=\"2025-01-03T12:49:17+00:00\" \/>\n<meta property=\"og:image\" content=\"https:\/\/centrecarapace.ch\/wp-content\/uploads\/2022\/08\/WhatsApp-Image-2022-08-11-at-17.08.37-768x1024.jpeg\" \/>\n<meta name=\"twitter:card\" content=\"summary_large_image\" \/>\n<meta name=\"twitter:label1\" content=\"Estimated reading time\" \/>\n\t<meta name=\"twitter:data1\" content=\"2 minutes\" \/>\n<script type=\"application\/ld+json\" class=\"yoast-schema-graph\">{\"@context\":\"https:\/\/schema.org\",\"@graph\":[{\"@type\":\"WebPage\",\"@id\":\"https:\/\/centrecarapace.ch\/art-therapie\/\",\"url\":\"https:\/\/centrecarapace.ch\/art-therapie\/\",\"name\":\"Art-th\u00e9rapie pour les enfants et leur famille - Centre Carapace\",\"isPartOf\":{\"@id\":\"https:\/\/centrecarapace.ch\/#website\"},\"primaryImageOfPage\":{\"@id\":\"https:\/\/centrecarapace.ch\/art-therapie\/#primaryimage\"},\"image\":{\"@id\":\"https:\/\/centrecarapace.ch\/art-therapie\/#primaryimage\"},\"thumbnailUrl\":\"https:\/\/centrecarapace.ch\/wp-content\/uploads\/2022\/08\/WhatsApp-Image-2022-08-11-at-17.08.37-768x1024.jpeg\",\"datePublished\":\"2022-07-22T12:23:36+00:00\",\"dateModified\":\"2025-01-03T12:49:17+00:00\",\"breadcrumb\":{\"@id\":\"https:\/\/centrecarapace.ch\/art-therapie\/#breadcrumb\"},\"inLanguage\":\"en-GB\",\"potentialAction\":[{\"@type\":\"ReadAction\",\"target\":[\"https:\/\/centrecarapace.ch\/art-therapie\/\"]}]},{\"@type\":\"ImageObject\",\"inLanguage\":\"en-GB\",\"@id\":\"https:\/\/centrecarapace.ch\/art-therapie\/#primaryimage\",\"url\":\"https:\/\/centrecarapace.ch\/wp-content\/uploads\/2022\/08\/WhatsApp-Image-2022-08-11-at-17.08.37-768x1024.jpeg\",\"contentUrl\":\"https:\/\/centrecarapace.ch\/wp-content\/uploads\/2022\/08\/WhatsApp-Image-2022-08-11-at-17.08.37-768x1024.jpeg\"},{\"@type\":\"BreadcrumbList\",\"@id\":\"https:\/\/centrecarapace.ch\/art-therapie\/#breadcrumb\",\"itemListElement\":[{\"@type\":\"ListItem\",\"position\":1,\"name\":\"Accueil\",\"item\":\"https:\/\/centrecarapace.ch\/\"},{\"@type\":\"ListItem\",\"position\":2,\"name\":\"Art-th\u00e9rapie pour les enfants et leur famille\"}]},{\"@type\":\"WebSite\",\"@id\":\"https:\/\/centrecarapace.ch\/#website\",\"url\":\"https:\/\/centrecarapace.ch\/\",\"name\":\"Centre Carapace\",\"description\":\"Centre th\u00e9rapeutique pluridisciplinaire pour tout le monde\",\"publisher\":{\"@id\":\"https:\/\/centrecarapace.ch\/#organization\"},\"potentialAction\":[{\"@type\":\"SearchAction\",\"target\":{\"@type\":\"EntryPoint\",\"urlTemplate\":\"https:\/\/centrecarapace.ch\/?s={search_term_string}\"},\"query-input\":{\"@type\":\"PropertyValueSpecification\",\"valueRequired\":true,\"valueName\":\"search_term_string\"}}],\"inLanguage\":\"en-GB\"},{\"@type\":\"Organization\",\"@id\":\"https:\/\/centrecarapace.ch\/#organization\",\"name\":\"Centre Carapace\",\"url\":\"https:\/\/centrecarapace.ch\/\",\"logo\":{\"@type\":\"ImageObject\",\"inLanguage\":\"en-GB\",\"@id\":\"https:\/\/centrecarapace.ch\/#\/schema\/logo\/image\/\",\"url\":\"https:\/\/centrecarapace.ch\/wp-content\/uploads\/2022\/08\/cropped-WhatsApp_Image_2022-08-06_at_14.40.41-removebg-preview.png\",\"contentUrl\":\"https:\/\/centrecarapace.ch\/wp-content\/uploads\/2022\/08\/cropped-WhatsApp_Image_2022-08-06_at_14.40.41-removebg-preview.png\",\"width\":415,\"height\":381,\"caption\":\"Centre Carapace\"},\"image\":{\"@id\":\"https:\/\/centrecarapace.ch\/#\/schema\/logo\/image\/\"},\"sameAs\":[\"https:\/\/www.facebook.com\/centrecarapace\"]}]}<\/script>\n<!-- \/ Yoast SEO plugin. -->","yoast_head_json":{"title":"Art-th\u00e9rapie pour les enfants et leur famille - Centre Carapace","robots":{"index":"index","follow":"follow","max-snippet":"max-snippet:-1","max-image-preview":"max-image-preview:large","max-video-preview":"max-video-preview:-1"},"canonical":"https:\/\/centrecarapace.ch\/en\/art-therapie\/","og_locale":"en_GB","og_type":"article","og_title":"Art-th\u00e9rapie pour les enfants et leur famille - Centre Carapace","og_description":"Art-th\u00e9rapie pour les enfants et leur famille Qu\u2019est-ce que l\u2019art-th\u00e9rapie? Contrairement \u00e0 un atelier d\u2019expression artistique classique, l\u2019art-th\u00e9rapie ne cherche pas \u00e0 produire un \u00ab bel \u00bb objet \u00e0 regarder. Il s\u2019agit d\u2019une activit\u00e9 cr\u00e9ative encadr\u00e9e dans un cadre th\u00e9rapeutique, o\u00f9 le processus de cr\u00e9ation et tous les ph\u00e9nom\u00e8nes qui l\u2019accompagnent (gestes, expressions corporelles, regards, [&hellip;]","og_url":"https:\/\/centrecarapace.ch\/en\/art-therapie\/","og_site_name":"Centre Carapace","article_publisher":"https:\/\/www.facebook.com\/centrecarapace","article_modified_time":"2025-01-03T12:49:17+00:00","og_image":[{"url":"https:\/\/centrecarapace.ch\/wp-content\/uploads\/2022\/08\/WhatsApp-Image-2022-08-11-at-17.08.37-768x1024.jpeg","type":"","width":"","height":""}],"twitter_card":"summary_large_image","twitter_misc":{"Estimated reading time":"2 minutes"},"schema":{"@context":"https:\/\/schema.org","@graph":[{"@type":"WebPage","@id":"https:\/\/centrecarapace.ch\/art-therapie\/","url":"https:\/\/centrecarapace.ch\/art-therapie\/","name":"Art-th\u00e9rapie pour les enfants et leur famille - Centre Carapace","isPartOf":{"@id":"https:\/\/centrecarapace.ch\/#website"},"primaryImageOfPage":{"@id":"https:\/\/centrecarapace.ch\/art-therapie\/#primaryimage"},"image":{"@id":"https:\/\/centrecarapace.ch\/art-therapie\/#primaryimage"},"thumbnailUrl":"https:\/\/centrecarapace.ch\/wp-content\/uploads\/2022\/08\/WhatsApp-Image-2022-08-11-at-17.08.37-768x1024.jpeg","datePublished":"2022-07-22T12:23:36+00:00","dateModified":"2025-01-03T12:49:17+00:00","breadcrumb":{"@id":"https:\/\/centrecarapace.ch\/art-therapie\/#breadcrumb"},"inLanguage":"en-GB","potentialAction":[{"@type":"ReadAction","target":["https:\/\/centrecarapace.ch\/art-therapie\/"]}]},{"@type":"ImageObject","inLanguage":"en-GB","@id":"https:\/\/centrecarapace.ch\/art-therapie\/#primaryimage","url":"https:\/\/centrecarapace.ch\/wp-content\/uploads\/2022\/08\/WhatsApp-Image-2022-08-11-at-17.08.37-768x1024.jpeg","contentUrl":"https:\/\/centrecarapace.ch\/wp-content\/uploads\/2022\/08\/WhatsApp-Image-2022-08-11-at-17.08.37-768x1024.jpeg"},{"@type":"BreadcrumbList","@id":"https:\/\/centrecarapace.ch\/art-therapie\/#breadcrumb","itemListElement":[{"@type":"ListItem","position":1,"name":"Accueil","item":"https:\/\/centrecarapace.ch\/"},{"@type":"ListItem","position":2,"name":"Art-th\u00e9rapie pour les enfants et leur famille"}]},{"@type":"WebSite","@id":"https:\/\/centrecarapace.ch\/#website","url":"https:\/\/centrecarapace.ch\/","name":"Carapace Center","description":"Pluridisciplinary therapeutic center for everyone","publisher":{"@id":"https:\/\/centrecarapace.ch\/#organization"},"potentialAction":[{"@type":"SearchAction","target":{"@type":"EntryPoint","urlTemplate":"https:\/\/centrecarapace.ch\/?s={search_term_string}"},"query-input":{"@type":"PropertyValueSpecification","valueRequired":true,"valueName":"search_term_string"}}],"inLanguage":"en-GB"},{"@type":"Organization","@id":"https:\/\/centrecarapace.ch\/#organization","name":"Carapace Center","url":"https:\/\/centrecarapace.ch\/","logo":{"@type":"ImageObject","inLanguage":"en-GB","@id":"https:\/\/centrecarapace.ch\/#\/schema\/logo\/image\/","url":"https:\/\/centrecarapace.ch\/wp-content\/uploads\/2022\/08\/cropped-WhatsApp_Image_2022-08-06_at_14.40.41-removebg-preview.png","contentUrl":"https:\/\/centrecarapace.ch\/wp-content\/uploads\/2022\/08\/cropped-WhatsApp_Image_2022-08-06_at_14.40.41-removebg-preview.png","width":415,"height":381,"caption":"Centre Carapace"},"image":{"@id":"https:\/\/centrecarapace.ch\/#\/schema\/logo\/image\/"},"sameAs":["https:\/\/www.facebook.com\/centrecarapace"]}]}},"_links":{"self":[{"href":"https:\/\/centrecarapace.ch\/en\/wp-json\/wp\/v2\/pages\/388","targetHints":{"allow":["GET"]}}],"collection":[{"href":"https:\/\/centrecarapace.ch\/en\/wp-json\/wp\/v2\/pages"}],"about":[{"href":"https:\/\/centrecarapace.ch\/en\/wp-json\/wp\/v2\/types\/page"}],"author":[{"embeddable":true,"href":"https:\/\/centrecarapace.ch\/en\/wp-json\/wp\/v2\/users\/1"}],"replies":[{"embeddable":true,"href":"https:\/\/centrecarapace.ch\/en\/wp-json\/wp\/v2\/comments?post=388"}],"version-history":[{"count":17,"href":"https:\/\/centrecarapace.ch\/en\/wp-json\/wp\/v2\/pages\/388\/revisions"}],"predecessor-version":[{"id":845,"href":"https:\/\/centrecarapace.ch\/en\/wp-json\/wp\/v2\/pages\/388\/revisions\/845"}],"wp:attachment":[{"href":"https:\/\/centrecarapace.ch\/en\/wp-json\/wp\/v2\/media?parent=388"}],"curies":[{"name":"wp","href":"https:\/\/api.w.org\/{rel}","templated":true}]}}