{"id":496,"date":"2022-08-06T20:45:54","date_gmt":"2022-08-06T18:45:54","guid":{"rendered":"https:\/\/centrecarapace.ch\/?page_id=496"},"modified":"2025-01-03T13:59:00","modified_gmt":"2025-01-03T12:59:00","slug":"therapie-interculturelle","status":"publish","type":"page","link":"https:\/\/centrecarapace.ch\/en\/therapie-interculturelle\/","title":{"rendered":"Therapy for integration challenges (Intercultural therapy)"},"content":{"rendered":"<div data-elementor-type=\"wp-page\" data-elementor-id=\"496\" class=\"elementor elementor-496\">\n\t\t\t\t\t\t<section class=\"elementor-section elementor-top-section elementor-element elementor-element-cdvxxen elementor-section-boxed elementor-section-height-default elementor-section-height-default\" data-id=\"cdvxxen\" data-element_type=\"section\" data-settings=\"{&quot;background_background&quot;:&quot;classic&quot;}\">\n\t\t\t\t\t\t\t<div class=\"elementor-background-overlay\"><\/div>\n\t\t\t\t\t\t\t<div class=\"elementor-container elementor-column-gap-default\">\n\t\t\t\t\t<div class=\"elementor-column elementor-col-100 elementor-top-column elementor-element elementor-element-1053ca7a\" data-id=\"1053ca7a\" data-element_type=\"column\">\n\t\t\t<div class=\"elementor-widget-wrap elementor-element-populated\">\n\t\t\t\t\t\t<div class=\"elementor-element elementor-element-3d99e122 elementor-widget elementor-widget-heading\" data-id=\"3d99e122\" data-element_type=\"widget\" data-widget_type=\"heading.default\">\n\t\t\t\t<div class=\"elementor-widget-container\">\n\t\t\t\t\t<h1 class=\"elementor-heading-title elementor-size-default\">Therapy for Integration Challenges (Intercultural Therapy)<\/h1>\t\t\t\t<\/div>\n\t\t\t\t<\/div>\n\t\t\t\t\t<\/div>\n\t\t<\/div>\n\t\t\t\t\t<\/div>\n\t\t<\/section>\n\t\t\t\t<section class=\"elementor-section elementor-top-section elementor-element elementor-element-o8hvyo4 elementor-section-boxed elementor-section-height-default elementor-section-height-default\" data-id=\"o8hvyo4\" data-element_type=\"section\" data-settings=\"{&quot;background_background&quot;:&quot;classic&quot;}\">\n\t\t\t\t\t\t<div class=\"elementor-container elementor-column-gap-no\">\n\t\t\t\t\t<div class=\"elementor-column elementor-col-50 elementor-top-column elementor-element elementor-element-48096891\" data-id=\"48096891\" data-element_type=\"column\">\n\t\t\t<div class=\"elementor-widget-wrap elementor-element-populated\">\n\t\t\t\t\t\t<div class=\"elementor-element elementor-element-e56ab06 elementor-widget elementor-widget-text-editor\" data-id=\"e56ab06\" data-element_type=\"widget\" data-widget_type=\"text-editor.default\">\n\t\t\t\t<div class=\"elementor-widget-container\">\n\t\t\t\t\t\t\t\t\t<p><b>An intercultural approach tailored to integration challenges in Switzerland<\/b><\/p><p><span style=\"font-weight: 400;\">Switzerland is a unique country. While it is often praised for its constitutional neutrality or its system of direct democracy, few people know that it has three official languages (German, French, and Italian), with English serving as a common language in many contexts. Each canton has its own laws and cultural particularities, often illustrated by the well-known \"R\u00f6stigraben\" (R\u00f6sti ditch) dividing the French-speaking and German-speaking regions.<\/span><\/p><p><span style=\"font-weight: 400;\">On one hand, this diversity makes Switzerland a model of intercultural excellence. On the other hand, it creates misunderstandings and challenges stemming from cultural differences. Moreover, with 25% of its population being foreign residents, these complexities are further multiplied.<\/span><\/p><p><span style=\"font-weight: 400;\">In my years of practice in Geneva, a city close to major international organizations, I\u2019ve worked with many families facing these challenges. Issues such as school integration for children, cultural differences in work environments, or building social relationships in a more reserved cultural context are common problems they encounter.<\/span><\/p><p><span style=\"font-weight: 400;\">Having lived in Switzerland for over 30 years myself, I have experienced these differences firsthand. Drawing from this experience, I am here to guide and support you on your journey until you can feel fully comfortable in your environment while staying true to yourself.<\/span><\/p>\t\t\t\t\t\t\t\t<\/div>\n\t\t\t\t<\/div>\n\t\t\t\t\t<\/div>\n\t\t<\/div>\n\t\t\t\t<div class=\"elementor-column elementor-col-50 elementor-top-column elementor-element elementor-element-2828f573\" data-id=\"2828f573\" data-element_type=\"column\">\n\t\t\t<div class=\"elementor-widget-wrap elementor-element-populated\">\n\t\t\t\t\t\t<div class=\"elementor-element elementor-element-757870b elementor-widget elementor-widget-image\" data-id=\"757870b\" data-element_type=\"widget\" data-widget_type=\"image.default\">\n\t\t\t\t<div class=\"elementor-widget-container\">\n\t\t\t\t\t\t\t\t\t\t\t\t\t\t\t<img fetchpriority=\"high\" decoding=\"async\" width=\"768\" height=\"1024\" src=\"https:\/\/centrecarapace.ch\/wp-content\/uploads\/2025\/01\/81dba63e-8d07-4eb0-a5de-04c545009920-768x1024.jpg\" class=\"attachment-large size-large wp-image-847\" alt=\"\" srcset=\"https:\/\/centrecarapace.ch\/wp-content\/uploads\/2025\/01\/81dba63e-8d07-4eb0-a5de-04c545009920-768x1024.jpg 768w, https:\/\/centrecarapace.ch\/wp-content\/uploads\/2025\/01\/81dba63e-8d07-4eb0-a5de-04c545009920-225x300.jpg 225w, https:\/\/centrecarapace.ch\/wp-content\/uploads\/2025\/01\/81dba63e-8d07-4eb0-a5de-04c545009920.jpg 1200w\" sizes=\"(max-width: 768px) 100vw, 768px\" \/>\t\t\t\t\t\t\t\t\t\t\t\t\t\t\t<\/div>\n\t\t\t\t<\/div>\n\t\t\t\t\t<\/div>\n\t\t<\/div>\n\t\t\t\t\t<\/div>\n\t\t<\/section>\n\t\t\t\t<section class=\"elementor-section elementor-top-section elementor-element elementor-element-eabb68e elementor-section-boxed elementor-section-height-default elementor-section-height-default\" data-id=\"eabb68e\" data-element_type=\"section\" data-settings=\"{&quot;background_background&quot;:&quot;classic&quot;}\">\n\t\t\t\t\t\t<div class=\"elementor-container elementor-column-gap-no\">\n\t\t\t\t\t<div class=\"elementor-column elementor-col-50 elementor-top-column elementor-element elementor-element-b9080d4\" data-id=\"b9080d4\" data-element_type=\"column\">\n\t\t\t<div class=\"elementor-widget-wrap elementor-element-populated\">\n\t\t\t\t\t\t<div class=\"elementor-element elementor-element-755d990 elementor-widget elementor-widget-image\" data-id=\"755d990\" data-element_type=\"widget\" data-widget_type=\"image.default\">\n\t\t\t\t<div class=\"elementor-widget-container\">\n\t\t\t\t\t\t\t\t\t\t\t\t\t\t\t<img decoding=\"async\" width=\"736\" height=\"890\" src=\"https:\/\/centrecarapace.ch\/wp-content\/uploads\/2025\/01\/e8a3727d-8ec9-4c25-b9b3-f136ad1c855a.jpg\" class=\"attachment-large size-large wp-image-846\" alt=\"\" srcset=\"https:\/\/centrecarapace.ch\/wp-content\/uploads\/2025\/01\/e8a3727d-8ec9-4c25-b9b3-f136ad1c855a.jpg 736w, https:\/\/centrecarapace.ch\/wp-content\/uploads\/2025\/01\/e8a3727d-8ec9-4c25-b9b3-f136ad1c855a-248x300.jpg 248w, https:\/\/centrecarapace.ch\/wp-content\/uploads\/2025\/01\/e8a3727d-8ec9-4c25-b9b3-f136ad1c855a-10x12.jpg 10w\" sizes=\"(max-width: 736px) 100vw, 736px\" \/>\t\t\t\t\t\t\t\t\t\t\t\t\t\t\t<\/div>\n\t\t\t\t<\/div>\n\t\t\t\t\t<\/div>\n\t\t<\/div>\n\t\t\t\t<div class=\"elementor-column elementor-col-50 elementor-top-column elementor-element elementor-element-808f4bc\" data-id=\"808f4bc\" data-element_type=\"column\">\n\t\t\t<div class=\"elementor-widget-wrap elementor-element-populated\">\n\t\t\t\t\t\t<div class=\"elementor-element elementor-element-f290a26 elementor-widget elementor-widget-text-editor\" data-id=\"f290a26\" data-element_type=\"widget\" data-widget_type=\"text-editor.default\">\n\t\t\t\t<div class=\"elementor-widget-container\">\n\t\t\t\t\t\t\t\t\t<p><b>My creative approach to support you :<\/b><\/p><ul><li style=\"font-weight: 400;\" aria-level=\"1\"><b>Reconnect with your origins<\/b><span style=\"font-weight: 400;\"> without suffering from homesickness.<\/span><\/li><li style=\"font-weight: 400;\" aria-level=\"1\"><b>Assert your identity<\/b><span style=\"font-weight: 400;\"> without feeling inhibited by others' perceptions.<\/span><\/li><li style=\"font-weight: 400;\" aria-level=\"1\"><b>Develop creative ways<\/b><span style=\"font-weight: 400;\"> to navigate your daily life.<\/span><\/li><li style=\"font-weight: 400;\" aria-level=\"1\"><b>Break free from social isolation<\/b><span style=\"font-weight: 400;\"> through a personalized approach adapted to your situation.<\/span><\/li><\/ul><p><span style=\"font-weight: 400;\">Whether you\u2019ve recently arrived or have been settled for years, I offer a safe space to explore, understand, and harmonize your intercultural experience in Switzerland.<\/span><\/p>\t\t\t\t\t\t\t\t<\/div>\n\t\t\t\t<\/div>\n\t\t\t\t\t<\/div>\n\t\t<\/div>\n\t\t\t\t\t<\/div>\n\t\t<\/section>\n\t\t\t\t<\/div>","protected":false},"excerpt":{"rendered":"<p>Th\u00e9rapie pour les probl\u00e8mes d&rsquo;int\u00e9gration (Th\u00e9rapie interculturelle) Une approche interculturelle adapt\u00e9e aux d\u00e9fis de l&rsquo;int\u00e9gration en Suisse La Suisse est un pays unique en son genre. Si l\u2019on parle souvent de sa neutralit\u00e9 constitutionnelle ou de son syst\u00e8me de d\u00e9mocratie directe, peu de gens savent qu\u2019elle poss\u00e8de trois langues officielles (allemand, fran\u00e7ais, et italien), auxquelles [&hellip;]<\/p>","protected":false},"author":1,"featured_media":0,"parent":0,"menu_order":0,"comment_status":"closed","ping_status":"closed","template":"","meta":{"site-sidebar-layout":"no-sidebar","site-content-layout":"page-builder","ast-site-content-layout":"","site-content-style":"default","site-sidebar-style":"default","ast-global-header-display":"","ast-banner-title-visibility":"","ast-main-header-display":"","ast-hfb-above-header-display":"","ast-hfb-below-header-display":"","ast-hfb-mobile-header-display":"","site-post-title":"disabled","ast-breadcrumbs-content":"","ast-featured-img":"disabled","footer-sml-layout":"","theme-transparent-header-meta":"","adv-header-id-meta":"","stick-header-meta":"","header-above-stick-meta":"","header-main-stick-meta":"","header-below-stick-meta":"","astra-migrate-meta-layouts":"default","ast-page-background-enabled":"default","ast-page-background-meta":{"desktop":{"background-color":"","background-image":"","background-repeat":"repeat","background-position":"center center","background-size":"auto","background-attachment":"scroll","background-type":"","background-media":"","overlay-type":"","overlay-color":"","overlay-opacity":"","overlay-gradient":""},"tablet":{"background-color":"","background-image":"","background-repeat":"repeat","background-position":"center center","background-size":"auto","background-attachment":"scroll","background-type":"","background-media":"","overlay-type":"","overlay-color":"","overlay-opacity":"","overlay-gradient":""},"mobile":{"background-color":"","background-image":"","background-repeat":"repeat","background-position":"center center","background-size":"auto","background-attachment":"scroll","background-type":"","background-media":"","overlay-type":"","overlay-color":"","overlay-opacity":"","overlay-gradient":""}},"ast-content-background-meta":{"desktop":{"background-color":"var(--ast-global-color-5)","background-image":"","background-repeat":"repeat","background-position":"center center","background-size":"auto","background-attachment":"scroll","background-type":"","background-media":"","overlay-type":"","overlay-color":"","overlay-opacity":"","overlay-gradient":""},"tablet":{"background-color":"var(--ast-global-color-5)","background-image":"","background-repeat":"repeat","background-position":"center center","background-size":"auto","background-attachment":"scroll","background-type":"","background-media":"","overlay-type":"","overlay-color":"","overlay-opacity":"","overlay-gradient":""},"mobile":{"background-color":"var(--ast-global-color-5)","background-image":"","background-repeat":"repeat","background-position":"center center","background-size":"auto","background-attachment":"scroll","background-type":"","background-media":"","overlay-type":"","overlay-color":"","overlay-opacity":"","overlay-gradient":""}},"footnotes":""},"class_list":["post-496","page","type-page","status-publish","hentry"],"yoast_head":"<!-- This site is optimized with the Yoast SEO plugin v26.2 - https:\/\/yoast.com\/wordpress\/plugins\/seo\/ -->\n<title>Th\u00e9rapie pour les probl\u00e8mes d&#039;int\u00e9gration (Th\u00e9rapie interculturelle) - Centre Carapace<\/title>\n<meta name=\"robots\" content=\"index, follow, max-snippet:-1, max-image-preview:large, max-video-preview:-1\" \/>\n<link rel=\"canonical\" href=\"https:\/\/centrecarapace.ch\/en\/therapie-interculturelle\/\" \/>\n<meta property=\"og:locale\" content=\"en_GB\" \/>\n<meta property=\"og:type\" content=\"article\" \/>\n<meta property=\"og:title\" content=\"Th\u00e9rapie pour les probl\u00e8mes d&#039;int\u00e9gration (Th\u00e9rapie interculturelle) - Centre Carapace\" \/>\n<meta property=\"og:description\" content=\"Th\u00e9rapie pour les probl\u00e8mes d&rsquo;int\u00e9gration (Th\u00e9rapie interculturelle) Une approche interculturelle adapt\u00e9e aux d\u00e9fis de l&rsquo;int\u00e9gration en Suisse La Suisse est un pays unique en son genre. Si l\u2019on parle souvent de sa neutralit\u00e9 constitutionnelle ou de son syst\u00e8me de d\u00e9mocratie directe, peu de gens savent qu\u2019elle poss\u00e8de trois langues officielles (allemand, fran\u00e7ais, et italien), auxquelles [&hellip;]\" \/>\n<meta property=\"og:url\" content=\"https:\/\/centrecarapace.ch\/en\/therapie-interculturelle\/\" \/>\n<meta property=\"og:site_name\" content=\"Centre Carapace\" \/>\n<meta property=\"article:publisher\" content=\"https:\/\/www.facebook.com\/centrecarapace\" \/>\n<meta property=\"article:modified_time\" content=\"2025-01-03T12:59:00+00:00\" \/>\n<meta property=\"og:image\" content=\"https:\/\/centrecarapace.ch\/wp-content\/uploads\/2025\/01\/81dba63e-8d07-4eb0-a5de-04c545009920-768x1024.jpg\" \/>\n<meta name=\"twitter:card\" content=\"summary_large_image\" \/>\n<meta name=\"twitter:label1\" content=\"Estimated reading time\" \/>\n\t<meta name=\"twitter:data1\" content=\"2 minutes\" \/>\n<script type=\"application\/ld+json\" class=\"yoast-schema-graph\">{\"@context\":\"https:\/\/schema.org\",\"@graph\":[{\"@type\":\"WebPage\",\"@id\":\"https:\/\/centrecarapace.ch\/therapie-interculturelle\/\",\"url\":\"https:\/\/centrecarapace.ch\/therapie-interculturelle\/\",\"name\":\"Th\u00e9rapie pour les probl\u00e8mes d'int\u00e9gration (Th\u00e9rapie interculturelle) - Centre Carapace\",\"isPartOf\":{\"@id\":\"https:\/\/centrecarapace.ch\/#website\"},\"primaryImageOfPage\":{\"@id\":\"https:\/\/centrecarapace.ch\/therapie-interculturelle\/#primaryimage\"},\"image\":{\"@id\":\"https:\/\/centrecarapace.ch\/therapie-interculturelle\/#primaryimage\"},\"thumbnailUrl\":\"https:\/\/centrecarapace.ch\/wp-content\/uploads\/2025\/01\/81dba63e-8d07-4eb0-a5de-04c545009920-768x1024.jpg\",\"datePublished\":\"2022-08-06T18:45:54+00:00\",\"dateModified\":\"2025-01-03T12:59:00+00:00\",\"breadcrumb\":{\"@id\":\"https:\/\/centrecarapace.ch\/therapie-interculturelle\/#breadcrumb\"},\"inLanguage\":\"en-GB\",\"potentialAction\":[{\"@type\":\"ReadAction\",\"target\":[\"https:\/\/centrecarapace.ch\/therapie-interculturelle\/\"]}]},{\"@type\":\"ImageObject\",\"inLanguage\":\"en-GB\",\"@id\":\"https:\/\/centrecarapace.ch\/therapie-interculturelle\/#primaryimage\",\"url\":\"https:\/\/centrecarapace.ch\/wp-content\/uploads\/2025\/01\/81dba63e-8d07-4eb0-a5de-04c545009920-768x1024.jpg\",\"contentUrl\":\"https:\/\/centrecarapace.ch\/wp-content\/uploads\/2025\/01\/81dba63e-8d07-4eb0-a5de-04c545009920-768x1024.jpg\"},{\"@type\":\"BreadcrumbList\",\"@id\":\"https:\/\/centrecarapace.ch\/therapie-interculturelle\/#breadcrumb\",\"itemListElement\":[{\"@type\":\"ListItem\",\"position\":1,\"name\":\"Accueil\",\"item\":\"https:\/\/centrecarapace.ch\/\"},{\"@type\":\"ListItem\",\"position\":2,\"name\":\"Th\u00e9rapie pour les probl\u00e8mes d&rsquo;int\u00e9gration (Th\u00e9rapie interculturelle)\"}]},{\"@type\":\"WebSite\",\"@id\":\"https:\/\/centrecarapace.ch\/#website\",\"url\":\"https:\/\/centrecarapace.ch\/\",\"name\":\"Centre Carapace\",\"description\":\"Centre th\u00e9rapeutique pluridisciplinaire pour tout le monde\",\"publisher\":{\"@id\":\"https:\/\/centrecarapace.ch\/#organization\"},\"potentialAction\":[{\"@type\":\"SearchAction\",\"target\":{\"@type\":\"EntryPoint\",\"urlTemplate\":\"https:\/\/centrecarapace.ch\/?s={search_term_string}\"},\"query-input\":{\"@type\":\"PropertyValueSpecification\",\"valueRequired\":true,\"valueName\":\"search_term_string\"}}],\"inLanguage\":\"en-GB\"},{\"@type\":\"Organization\",\"@id\":\"https:\/\/centrecarapace.ch\/#organization\",\"name\":\"Centre Carapace\",\"url\":\"https:\/\/centrecarapace.ch\/\",\"logo\":{\"@type\":\"ImageObject\",\"inLanguage\":\"en-GB\",\"@id\":\"https:\/\/centrecarapace.ch\/#\/schema\/logo\/image\/\",\"url\":\"https:\/\/centrecarapace.ch\/wp-content\/uploads\/2022\/08\/cropped-WhatsApp_Image_2022-08-06_at_14.40.41-removebg-preview.png\",\"contentUrl\":\"https:\/\/centrecarapace.ch\/wp-content\/uploads\/2022\/08\/cropped-WhatsApp_Image_2022-08-06_at_14.40.41-removebg-preview.png\",\"width\":415,\"height\":381,\"caption\":\"Centre Carapace\"},\"image\":{\"@id\":\"https:\/\/centrecarapace.ch\/#\/schema\/logo\/image\/\"},\"sameAs\":[\"https:\/\/www.facebook.com\/centrecarapace\"]}]}<\/script>\n<!-- \/ Yoast SEO plugin. -->","yoast_head_json":{"title":"Th\u00e9rapie pour les probl\u00e8mes d'int\u00e9gration (Th\u00e9rapie interculturelle) - Centre Carapace","robots":{"index":"index","follow":"follow","max-snippet":"max-snippet:-1","max-image-preview":"max-image-preview:large","max-video-preview":"max-video-preview:-1"},"canonical":"https:\/\/centrecarapace.ch\/en\/therapie-interculturelle\/","og_locale":"en_GB","og_type":"article","og_title":"Th\u00e9rapie pour les probl\u00e8mes d'int\u00e9gration (Th\u00e9rapie interculturelle) - Centre Carapace","og_description":"Th\u00e9rapie pour les probl\u00e8mes d&rsquo;int\u00e9gration (Th\u00e9rapie interculturelle) Une approche interculturelle adapt\u00e9e aux d\u00e9fis de l&rsquo;int\u00e9gration en Suisse La Suisse est un pays unique en son genre. Si l\u2019on parle souvent de sa neutralit\u00e9 constitutionnelle ou de son syst\u00e8me de d\u00e9mocratie directe, peu de gens savent qu\u2019elle poss\u00e8de trois langues officielles (allemand, fran\u00e7ais, et italien), auxquelles [&hellip;]","og_url":"https:\/\/centrecarapace.ch\/en\/therapie-interculturelle\/","og_site_name":"Centre Carapace","article_publisher":"https:\/\/www.facebook.com\/centrecarapace","article_modified_time":"2025-01-03T12:59:00+00:00","og_image":[{"url":"https:\/\/centrecarapace.ch\/wp-content\/uploads\/2025\/01\/81dba63e-8d07-4eb0-a5de-04c545009920-768x1024.jpg","type":"","width":"","height":""}],"twitter_card":"summary_large_image","twitter_misc":{"Estimated reading time":"2 minutes"},"schema":{"@context":"https:\/\/schema.org","@graph":[{"@type":"WebPage","@id":"https:\/\/centrecarapace.ch\/therapie-interculturelle\/","url":"https:\/\/centrecarapace.ch\/therapie-interculturelle\/","name":"Th\u00e9rapie pour les probl\u00e8mes d'int\u00e9gration (Th\u00e9rapie interculturelle) - Centre Carapace","isPartOf":{"@id":"https:\/\/centrecarapace.ch\/#website"},"primaryImageOfPage":{"@id":"https:\/\/centrecarapace.ch\/therapie-interculturelle\/#primaryimage"},"image":{"@id":"https:\/\/centrecarapace.ch\/therapie-interculturelle\/#primaryimage"},"thumbnailUrl":"https:\/\/centrecarapace.ch\/wp-content\/uploads\/2025\/01\/81dba63e-8d07-4eb0-a5de-04c545009920-768x1024.jpg","datePublished":"2022-08-06T18:45:54+00:00","dateModified":"2025-01-03T12:59:00+00:00","breadcrumb":{"@id":"https:\/\/centrecarapace.ch\/therapie-interculturelle\/#breadcrumb"},"inLanguage":"en-GB","potentialAction":[{"@type":"ReadAction","target":["https:\/\/centrecarapace.ch\/therapie-interculturelle\/"]}]},{"@type":"ImageObject","inLanguage":"en-GB","@id":"https:\/\/centrecarapace.ch\/therapie-interculturelle\/#primaryimage","url":"https:\/\/centrecarapace.ch\/wp-content\/uploads\/2025\/01\/81dba63e-8d07-4eb0-a5de-04c545009920-768x1024.jpg","contentUrl":"https:\/\/centrecarapace.ch\/wp-content\/uploads\/2025\/01\/81dba63e-8d07-4eb0-a5de-04c545009920-768x1024.jpg"},{"@type":"BreadcrumbList","@id":"https:\/\/centrecarapace.ch\/therapie-interculturelle\/#breadcrumb","itemListElement":[{"@type":"ListItem","position":1,"name":"Accueil","item":"https:\/\/centrecarapace.ch\/"},{"@type":"ListItem","position":2,"name":"Th\u00e9rapie pour les probl\u00e8mes d&rsquo;int\u00e9gration (Th\u00e9rapie interculturelle)"}]},{"@type":"WebSite","@id":"https:\/\/centrecarapace.ch\/#website","url":"https:\/\/centrecarapace.ch\/","name":"Carapace Center","description":"Pluridisciplinary therapeutic center for everyone","publisher":{"@id":"https:\/\/centrecarapace.ch\/#organization"},"potentialAction":[{"@type":"SearchAction","target":{"@type":"EntryPoint","urlTemplate":"https:\/\/centrecarapace.ch\/?s={search_term_string}"},"query-input":{"@type":"PropertyValueSpecification","valueRequired":true,"valueName":"search_term_string"}}],"inLanguage":"en-GB"},{"@type":"Organization","@id":"https:\/\/centrecarapace.ch\/#organization","name":"Carapace Center","url":"https:\/\/centrecarapace.ch\/","logo":{"@type":"ImageObject","inLanguage":"en-GB","@id":"https:\/\/centrecarapace.ch\/#\/schema\/logo\/image\/","url":"https:\/\/centrecarapace.ch\/wp-content\/uploads\/2022\/08\/cropped-WhatsApp_Image_2022-08-06_at_14.40.41-removebg-preview.png","contentUrl":"https:\/\/centrecarapace.ch\/wp-content\/uploads\/2022\/08\/cropped-WhatsApp_Image_2022-08-06_at_14.40.41-removebg-preview.png","width":415,"height":381,"caption":"Centre Carapace"},"image":{"@id":"https:\/\/centrecarapace.ch\/#\/schema\/logo\/image\/"},"sameAs":["https:\/\/www.facebook.com\/centrecarapace"]}]}},"_links":{"self":[{"href":"https:\/\/centrecarapace.ch\/en\/wp-json\/wp\/v2\/pages\/496","targetHints":{"allow":["GET"]}}],"collection":[{"href":"https:\/\/centrecarapace.ch\/en\/wp-json\/wp\/v2\/pages"}],"about":[{"href":"https:\/\/centrecarapace.ch\/en\/wp-json\/wp\/v2\/types\/page"}],"author":[{"embeddable":true,"href":"https:\/\/centrecarapace.ch\/en\/wp-json\/wp\/v2\/users\/1"}],"replies":[{"embeddable":true,"href":"https:\/\/centrecarapace.ch\/en\/wp-json\/wp\/v2\/comments?post=496"}],"version-history":[{"count":20,"href":"https:\/\/centrecarapace.ch\/en\/wp-json\/wp\/v2\/pages\/496\/revisions"}],"predecessor-version":[{"id":853,"href":"https:\/\/centrecarapace.ch\/en\/wp-json\/wp\/v2\/pages\/496\/revisions\/853"}],"wp:attachment":[{"href":"https:\/\/centrecarapace.ch\/en\/wp-json\/wp\/v2\/media?parent=496"}],"curies":[{"name":"wp","href":"https:\/\/api.w.org\/{rel}","templated":true}]}}