{"id":576,"date":"2022-08-09T15:34:58","date_gmt":"2022-08-09T13:34:58","guid":{"rendered":"https:\/\/centrecarapace.ch\/?page_id=576"},"modified":"2022-08-09T16:02:46","modified_gmt":"2022-08-09T14:02:46","slug":"recommandations","status":"publish","type":"page","link":"https:\/\/centrecarapace.ch\/en\/recommandations\/","title":{"rendered":"Recommendations"},"content":{"rendered":"<div data-elementor-type=\"wp-page\" data-elementor-id=\"576\" class=\"elementor elementor-576\">\n\t\t\t\t\t\t<section class=\"elementor-section elementor-top-section elementor-element elementor-element-utvg8ce elementor-section-boxed elementor-section-height-default elementor-section-height-default\" data-id=\"utvg8ce\" data-element_type=\"section\" data-settings=\"{&quot;background_background&quot;:&quot;classic&quot;}\">\n\t\t\t\t\t\t\t<div class=\"elementor-background-overlay\"><\/div>\n\t\t\t\t\t\t\t<div class=\"elementor-container elementor-column-gap-default\">\n\t\t\t\t\t<div class=\"elementor-column elementor-col-100 elementor-top-column elementor-element elementor-element-1053ca7a\" data-id=\"1053ca7a\" data-element_type=\"column\">\n\t\t\t<div class=\"elementor-widget-wrap elementor-element-populated\">\n\t\t\t\t\t\t<div class=\"elementor-element elementor-element-3d99e122 elementor-widget elementor-widget-heading\" data-id=\"3d99e122\" data-element_type=\"widget\" data-widget_type=\"heading.default\">\n\t\t\t\t<div class=\"elementor-widget-container\">\n\t\t\t\t\t<h1 class=\"elementor-heading-title elementor-size-default\">Recommendations<\/h1>\t\t\t\t<\/div>\n\t\t\t\t<\/div>\n\t\t\t\t\t<\/div>\n\t\t<\/div>\n\t\t\t\t\t<\/div>\n\t\t<\/section>\n\t\t\t\t<section class=\"elementor-section elementor-top-section elementor-element elementor-element-f6a4b17 elementor-section-boxed elementor-section-height-default elementor-section-height-default\" data-id=\"f6a4b17\" data-element_type=\"section\">\n\t\t\t\t\t\t<div class=\"elementor-container elementor-column-gap-default\">\n\t\t\t\t\t<div class=\"elementor-column elementor-col-100 elementor-top-column elementor-element elementor-element-49bfa1e\" data-id=\"49bfa1e\" data-element_type=\"column\">\n\t\t\t<div class=\"elementor-widget-wrap elementor-element-populated\">\n\t\t\t\t\t\t<div class=\"elementor-element elementor-element-4841efa elementor-widget elementor-widget-text-editor\" data-id=\"4841efa\" data-element_type=\"widget\" data-widget_type=\"text-editor.default\">\n\t\t\t\t<div class=\"elementor-widget-container\">\n\t\t\t\t\t\t\t\t\t<p><strong>Here, you will find recommendations from a certain number of my clients. For security reasons, they will be cited anonymously.<\/strong><\/p>\t\t\t\t\t\t\t\t<\/div>\n\t\t\t\t<\/div>\n\t\t\t\t\t<\/div>\n\t\t<\/div>\n\t\t\t\t\t<\/div>\n\t\t<\/section>\n\t\t\t\t<section class=\"elementor-section elementor-top-section elementor-element elementor-element-14jdjec elementor-section-boxed elementor-section-height-default elementor-section-height-default\" data-id=\"14jdjec\" data-element_type=\"section\">\n\t\t\t\t\t\t<div class=\"elementor-container elementor-column-gap-no\">\n\t\t\t\t\t<div class=\"elementor-column elementor-col-50 elementor-top-column elementor-element elementor-element-2828f573\" data-id=\"2828f573\" data-element_type=\"column\" data-settings=\"{&quot;background_background&quot;:&quot;classic&quot;}\">\n\t\t\t<div class=\"elementor-widget-wrap elementor-element-populated\">\n\t\t\t\t\t\t<div class=\"elementor-element elementor-element-b5ea759 elementor-widget elementor-widget-text-editor\" data-id=\"b5ea759\" data-element_type=\"widget\" data-widget_type=\"text-editor.default\">\n\t\t\t\t<div class=\"elementor-widget-container\">\n\t\t\t\t\t\t\t\t\t<p>Masumi is caring, wonderful with children and very dedicated. She has a lot of experience in creative methods of expression through art.<\/p><p>My child is indeed responding very well to this therapy and has made a big improvement which would help him greatly continue forward.  It has allowed him to identify and express his emotions. Lots of material is available for the kids. It offers the opportunity to explore the world with the imagination and learn about ourselves. I have already recommended Masumi to other families.<\/p><p><strong>A delegate of the OHCHR<\/strong><\/p>\t\t\t\t\t\t\t\t<\/div>\n\t\t\t\t<\/div>\n\t\t\t\t\t<\/div>\n\t\t<\/div>\n\t\t\t\t<div class=\"elementor-column elementor-col-50 elementor-top-column elementor-element elementor-element-48096891\" data-id=\"48096891\" data-element_type=\"column\" data-settings=\"{&quot;background_background&quot;:&quot;classic&quot;}\">\n\t\t\t<div class=\"elementor-widget-wrap elementor-element-populated\">\n\t\t\t\t\t\t<div class=\"elementor-element elementor-element-e56ab06 elementor-widget elementor-widget-text-editor\" data-id=\"e56ab06\" data-element_type=\"widget\" data-widget_type=\"text-editor.default\">\n\t\t\t\t<div class=\"elementor-widget-container\">\n\t\t\t\t\t\t\t\t\t<p>I am writing to express sincere thanks for the results of the therapy that you have provided to my two children<\/p><p>Working with art and role play really helped my son overcome his nervousness and depression due to his situation as \"high potential kid\" which made him feel disconnected from his classmates. He now has stronger self confidence and is able to have many friends, while maintaining what makes him special.<\/p><p>You also helped my daughter with her agitated sleeping patterns. She now expresses her creativity through DIY and many other activities and sleeps much better because it is thanks to your role play and art that she has been able to evacuate her fears.<\/p><p>You helped my children by listening to them without judgment and by enabling them to overcome their challenges as autonomous individuals.<\/p><p>We also really enjoyed the family lab we did together and have great memories of it!<\/p><p>My children truly benefited from your approach and I would recommend you as a therapist to any parent and institution.<\/p><p><strong>A sustainable UN coordinator<\/strong><\/p>\t\t\t\t\t\t\t\t<\/div>\n\t\t\t\t<\/div>\n\t\t\t\t\t<\/div>\n\t\t<\/div>\n\t\t\t\t\t<\/div>\n\t\t<\/section>\n\t\t\t\t<\/div>","protected":false},"excerpt":{"rendered":"<p>Recommandations Ici, vous trouverez des recommandations de certains de mes clients. Pour des raisons de s\u00e9curit\u00e9, ils seront cit\u00e9s anonymement. Masumi est attentionn\u00e9e, merveilleuse avec les enfants et tr\u00e8s d\u00e9vou\u00e9e. Elle a beaucoup d\u2019exp\u00e9rience dans les m\u00e9thodes cr\u00e9atives d\u2019expression \u00e0 travers l\u2019art. Mon enfant r\u00e9pond en effet tr\u00e8s bien \u00e0 cette th\u00e9rapie et a fait [&hellip;]<\/p>","protected":false},"author":1,"featured_media":0,"parent":0,"menu_order":0,"comment_status":"closed","ping_status":"closed","template":"","meta":{"site-sidebar-layout":"no-sidebar","site-content-layout":"page-builder","ast-site-content-layout":"","site-content-style":"default","site-sidebar-style":"default","ast-global-header-display":"","ast-banner-title-visibility":"","ast-main-header-display":"","ast-hfb-above-header-display":"","ast-hfb-below-header-display":"","ast-hfb-mobile-header-display":"","site-post-title":"disabled","ast-breadcrumbs-content":"","ast-featured-img":"disabled","footer-sml-layout":"","theme-transparent-header-meta":"","adv-header-id-meta":"","stick-header-meta":"","header-above-stick-meta":"","header-main-stick-meta":"","header-below-stick-meta":"","astra-migrate-meta-layouts":"default","ast-page-background-enabled":"default","ast-page-background-meta":{"desktop":{"background-color":"","background-image":"","background-repeat":"repeat","background-position":"center center","background-size":"auto","background-attachment":"scroll","background-type":"","background-media":"","overlay-type":"","overlay-color":"","overlay-opacity":"","overlay-gradient":""},"tablet":{"background-color":"","background-image":"","background-repeat":"repeat","background-position":"center center","background-size":"auto","background-attachment":"scroll","background-type":"","background-media":"","overlay-type":"","overlay-color":"","overlay-opacity":"","overlay-gradient":""},"mobile":{"background-color":"","background-image":"","background-repeat":"repeat","background-position":"center center","background-size":"auto","background-attachment":"scroll","background-type":"","background-media":"","overlay-type":"","overlay-color":"","overlay-opacity":"","overlay-gradient":""}},"ast-content-background-meta":{"desktop":{"background-color":"var(--ast-global-color-5)","background-image":"","background-repeat":"repeat","background-position":"center center","background-size":"auto","background-attachment":"scroll","background-type":"","background-media":"","overlay-type":"","overlay-color":"","overlay-opacity":"","overlay-gradient":""},"tablet":{"background-color":"var(--ast-global-color-5)","background-image":"","background-repeat":"repeat","background-position":"center center","background-size":"auto","background-attachment":"scroll","background-type":"","background-media":"","overlay-type":"","overlay-color":"","overlay-opacity":"","overlay-gradient":""},"mobile":{"background-color":"var(--ast-global-color-5)","background-image":"","background-repeat":"repeat","background-position":"center center","background-size":"auto","background-attachment":"scroll","background-type":"","background-media":"","overlay-type":"","overlay-color":"","overlay-opacity":"","overlay-gradient":""}},"footnotes":""},"class_list":["post-576","page","type-page","status-publish","hentry"],"yoast_head":"<!-- This site is optimized with the Yoast SEO plugin v26.2 - https:\/\/yoast.com\/wordpress\/plugins\/seo\/ -->\n<title>Recommandations - Centre Carapace<\/title>\n<meta name=\"robots\" content=\"index, follow, max-snippet:-1, max-image-preview:large, max-video-preview:-1\" \/>\n<link rel=\"canonical\" href=\"https:\/\/centrecarapace.ch\/en\/recommandations\/\" \/>\n<meta property=\"og:locale\" content=\"en_GB\" \/>\n<meta property=\"og:type\" content=\"article\" \/>\n<meta property=\"og:title\" content=\"Recommandations - Centre Carapace\" \/>\n<meta property=\"og:description\" content=\"Recommandations Ici, vous trouverez des recommandations de certains de mes clients. Pour des raisons de s\u00e9curit\u00e9, ils seront cit\u00e9s anonymement. Masumi est attentionn\u00e9e, merveilleuse avec les enfants et tr\u00e8s d\u00e9vou\u00e9e. Elle a beaucoup d\u2019exp\u00e9rience dans les m\u00e9thodes cr\u00e9atives d\u2019expression \u00e0 travers l\u2019art. Mon enfant r\u00e9pond en effet tr\u00e8s bien \u00e0 cette th\u00e9rapie et a fait [&hellip;]\" \/>\n<meta property=\"og:url\" content=\"https:\/\/centrecarapace.ch\/en\/recommandations\/\" \/>\n<meta property=\"og:site_name\" content=\"Centre Carapace\" \/>\n<meta property=\"article:publisher\" content=\"https:\/\/www.facebook.com\/centrecarapace\" \/>\n<meta property=\"article:modified_time\" content=\"2022-08-09T14:02:46+00:00\" \/>\n<meta name=\"twitter:card\" content=\"summary_large_image\" \/>\n<meta name=\"twitter:label1\" content=\"Estimated reading time\" \/>\n\t<meta name=\"twitter:data1\" content=\"2 minutes\" \/>\n<script type=\"application\/ld+json\" class=\"yoast-schema-graph\">{\"@context\":\"https:\/\/schema.org\",\"@graph\":[{\"@type\":\"WebPage\",\"@id\":\"https:\/\/centrecarapace.ch\/recommandations\/\",\"url\":\"https:\/\/centrecarapace.ch\/recommandations\/\",\"name\":\"Recommandations - Centre Carapace\",\"isPartOf\":{\"@id\":\"https:\/\/centrecarapace.ch\/#website\"},\"datePublished\":\"2022-08-09T13:34:58+00:00\",\"dateModified\":\"2022-08-09T14:02:46+00:00\",\"breadcrumb\":{\"@id\":\"https:\/\/centrecarapace.ch\/recommandations\/#breadcrumb\"},\"inLanguage\":\"en-GB\",\"potentialAction\":[{\"@type\":\"ReadAction\",\"target\":[\"https:\/\/centrecarapace.ch\/recommandations\/\"]}]},{\"@type\":\"BreadcrumbList\",\"@id\":\"https:\/\/centrecarapace.ch\/recommandations\/#breadcrumb\",\"itemListElement\":[{\"@type\":\"ListItem\",\"position\":1,\"name\":\"Accueil\",\"item\":\"https:\/\/centrecarapace.ch\/\"},{\"@type\":\"ListItem\",\"position\":2,\"name\":\"Recommandations\"}]},{\"@type\":\"WebSite\",\"@id\":\"https:\/\/centrecarapace.ch\/#website\",\"url\":\"https:\/\/centrecarapace.ch\/\",\"name\":\"Centre Carapace\",\"description\":\"Centre th\u00e9rapeutique pluridisciplinaire pour tout le monde\",\"publisher\":{\"@id\":\"https:\/\/centrecarapace.ch\/#organization\"},\"potentialAction\":[{\"@type\":\"SearchAction\",\"target\":{\"@type\":\"EntryPoint\",\"urlTemplate\":\"https:\/\/centrecarapace.ch\/?s={search_term_string}\"},\"query-input\":{\"@type\":\"PropertyValueSpecification\",\"valueRequired\":true,\"valueName\":\"search_term_string\"}}],\"inLanguage\":\"en-GB\"},{\"@type\":\"Organization\",\"@id\":\"https:\/\/centrecarapace.ch\/#organization\",\"name\":\"Centre Carapace\",\"url\":\"https:\/\/centrecarapace.ch\/\",\"logo\":{\"@type\":\"ImageObject\",\"inLanguage\":\"en-GB\",\"@id\":\"https:\/\/centrecarapace.ch\/#\/schema\/logo\/image\/\",\"url\":\"https:\/\/centrecarapace.ch\/wp-content\/uploads\/2022\/08\/cropped-WhatsApp_Image_2022-08-06_at_14.40.41-removebg-preview.png\",\"contentUrl\":\"https:\/\/centrecarapace.ch\/wp-content\/uploads\/2022\/08\/cropped-WhatsApp_Image_2022-08-06_at_14.40.41-removebg-preview.png\",\"width\":415,\"height\":381,\"caption\":\"Centre Carapace\"},\"image\":{\"@id\":\"https:\/\/centrecarapace.ch\/#\/schema\/logo\/image\/\"},\"sameAs\":[\"https:\/\/www.facebook.com\/centrecarapace\"]}]}<\/script>\n<!-- \/ Yoast SEO plugin. -->","yoast_head_json":{"title":"Recommandations - Centre Carapace","robots":{"index":"index","follow":"follow","max-snippet":"max-snippet:-1","max-image-preview":"max-image-preview:large","max-video-preview":"max-video-preview:-1"},"canonical":"https:\/\/centrecarapace.ch\/en\/recommandations\/","og_locale":"en_GB","og_type":"article","og_title":"Recommandations - Centre Carapace","og_description":"Recommandations Ici, vous trouverez des recommandations de certains de mes clients. Pour des raisons de s\u00e9curit\u00e9, ils seront cit\u00e9s anonymement. Masumi est attentionn\u00e9e, merveilleuse avec les enfants et tr\u00e8s d\u00e9vou\u00e9e. Elle a beaucoup d\u2019exp\u00e9rience dans les m\u00e9thodes cr\u00e9atives d\u2019expression \u00e0 travers l\u2019art. Mon enfant r\u00e9pond en effet tr\u00e8s bien \u00e0 cette th\u00e9rapie et a fait [&hellip;]","og_url":"https:\/\/centrecarapace.ch\/en\/recommandations\/","og_site_name":"Centre Carapace","article_publisher":"https:\/\/www.facebook.com\/centrecarapace","article_modified_time":"2022-08-09T14:02:46+00:00","twitter_card":"summary_large_image","twitter_misc":{"Estimated reading time":"2 minutes"},"schema":{"@context":"https:\/\/schema.org","@graph":[{"@type":"WebPage","@id":"https:\/\/centrecarapace.ch\/recommandations\/","url":"https:\/\/centrecarapace.ch\/recommandations\/","name":"Recommandations - Centre Carapace","isPartOf":{"@id":"https:\/\/centrecarapace.ch\/#website"},"datePublished":"2022-08-09T13:34:58+00:00","dateModified":"2022-08-09T14:02:46+00:00","breadcrumb":{"@id":"https:\/\/centrecarapace.ch\/recommandations\/#breadcrumb"},"inLanguage":"en-GB","potentialAction":[{"@type":"ReadAction","target":["https:\/\/centrecarapace.ch\/recommandations\/"]}]},{"@type":"BreadcrumbList","@id":"https:\/\/centrecarapace.ch\/recommandations\/#breadcrumb","itemListElement":[{"@type":"ListItem","position":1,"name":"Accueil","item":"https:\/\/centrecarapace.ch\/"},{"@type":"ListItem","position":2,"name":"Recommandations"}]},{"@type":"WebSite","@id":"https:\/\/centrecarapace.ch\/#website","url":"https:\/\/centrecarapace.ch\/","name":"Carapace Center","description":"Pluridisciplinary therapeutic center for everyone","publisher":{"@id":"https:\/\/centrecarapace.ch\/#organization"},"potentialAction":[{"@type":"SearchAction","target":{"@type":"EntryPoint","urlTemplate":"https:\/\/centrecarapace.ch\/?s={search_term_string}"},"query-input":{"@type":"PropertyValueSpecification","valueRequired":true,"valueName":"search_term_string"}}],"inLanguage":"en-GB"},{"@type":"Organization","@id":"https:\/\/centrecarapace.ch\/#organization","name":"Carapace Center","url":"https:\/\/centrecarapace.ch\/","logo":{"@type":"ImageObject","inLanguage":"en-GB","@id":"https:\/\/centrecarapace.ch\/#\/schema\/logo\/image\/","url":"https:\/\/centrecarapace.ch\/wp-content\/uploads\/2022\/08\/cropped-WhatsApp_Image_2022-08-06_at_14.40.41-removebg-preview.png","contentUrl":"https:\/\/centrecarapace.ch\/wp-content\/uploads\/2022\/08\/cropped-WhatsApp_Image_2022-08-06_at_14.40.41-removebg-preview.png","width":415,"height":381,"caption":"Centre Carapace"},"image":{"@id":"https:\/\/centrecarapace.ch\/#\/schema\/logo\/image\/"},"sameAs":["https:\/\/www.facebook.com\/centrecarapace"]}]}},"_links":{"self":[{"href":"https:\/\/centrecarapace.ch\/en\/wp-json\/wp\/v2\/pages\/576","targetHints":{"allow":["GET"]}}],"collection":[{"href":"https:\/\/centrecarapace.ch\/en\/wp-json\/wp\/v2\/pages"}],"about":[{"href":"https:\/\/centrecarapace.ch\/en\/wp-json\/wp\/v2\/types\/page"}],"author":[{"embeddable":true,"href":"https:\/\/centrecarapace.ch\/en\/wp-json\/wp\/v2\/users\/1"}],"replies":[{"embeddable":true,"href":"https:\/\/centrecarapace.ch\/en\/wp-json\/wp\/v2\/comments?post=576"}],"version-history":[{"count":23,"href":"https:\/\/centrecarapace.ch\/en\/wp-json\/wp\/v2\/pages\/576\/revisions"}],"predecessor-version":[{"id":603,"href":"https:\/\/centrecarapace.ch\/en\/wp-json\/wp\/v2\/pages\/576\/revisions\/603"}],"wp:attachment":[{"href":"https:\/\/centrecarapace.ch\/en\/wp-json\/wp\/v2\/media?parent=576"}],"curies":[{"name":"wp","href":"https:\/\/api.w.org\/{rel}","templated":true}]}}